{"id":1541,"date":"2019-09-10T04:00:39","date_gmt":"2019-09-10T07:00:39","guid":{"rendered":"https:\/\/joaquinamenabar.com\/?page_id=1541"},"modified":"2021-12-23T04:42:53","modified_gmt":"2021-12-23T07:42:53","slug":"professor","status":"publish","type":"page","link":"https:\/\/joaquinamenabar.com\/de\/joaquin\/professor\/","title":{"rendered":"Professor"},"content":{"rendered":"<img loading=\"lazy\" decoding=\"async\" class=\"aligncenter size-full wp-image-1544\" src=\"https:\/\/joaquinamenabar.com\/wp-content\/uploads\/Joaquin-Amenabar-in-class.jpg\" alt=\"Joaquin Amenabar in class\" width=\"630\" height=\"440\" srcset=\"https:\/\/joaquinamenabar.com\/wp-content\/uploads\/Joaquin-Amenabar-in-class.jpg 630w, https:\/\/joaquinamenabar.com\/wp-content\/uploads\/Joaquin-Amenabar-in-class-250x175.jpg 250w, https:\/\/joaquinamenabar.com\/wp-content\/uploads\/Joaquin-Amenabar-in-class-300x210.jpg 300w\" sizes=\"auto, (max-width: 630px) 100vw, 630px\" \/><\/p>\n<p>Joaqu\u00edn Amen\u00e1bar sutdierte Bandone\u00f3n mit Rodolfo Daluisio in dem Buenos Aires Stadt Konservatorium &#8220;Conservatorio Municipal de M\u00fasica Manuel de Falla&#8221;.<\/p>\n<ul>\n<li>Er war Bandone\u00f3n Professor in dem &#8220;Conservatorio Superior de M\u00fasica Carlos Lopez Buchardo&#8221; von die National Universit\u00e4t f\u00fcr Kunst, Argentina, auch in dem Buenos Aires Stadt Konservatorium &#8220;Manuel de Falla &#8221; und in der Volksmusikschule &#8220;Escuela de M\u00fasica Popular de Avellaneda&#8221; gewesen. <\/li>\n<li>Amen\u00e1bar bietet Workshops \u00fcber Tangointerpretation f\u00fcr Tangoorchester an, in dennen die Musiker in Tangostilen verschiedener Orchester arbeiten. <\/li>\n<li>Er gibt auch Kurse f\u00fcr Komponisten und Arrangeure \u00fcber die Charakteristika des Bandonions, Tastaturordnung und Kombination mit anderen Instrumenten.<\/li>\n<\/ul>","protected":false},"excerpt":{"rendered":"<p>Joaqu\u00edn Amen\u00e1bar sutdierte Bandone\u00f3n mit Rodolfo Daluisio in dem Buenos Aires Stadt Konservatorium &#8220;Conservatorio Municipal de M\u00fasica Manuel de Falla&#8221;. Er war Bandone\u00f3n Professor in dem &#8220;Conservatorio Superior de M\u00fasica Carlos Lopez Buchardo&#8221; von die National Universit\u00e4t f\u00fcr Kunst, Argentina, &hellip; <a class=\"kt-excerpt-readmore\" href=\"https:\/\/joaquinamenabar.com\/de\/joaquin\/professor\/\" aria-label=\"Professor\">Weiterlesen<\/a><\/p>\n","protected":false},"author":1,"featured_media":0,"parent":1778,"menu_order":1,"comment_status":"closed","ping_status":"closed","template":"page-fullwidth.php","meta":{"nf_dc_page":"","footnotes":""},"class_list":["post-1541","page","type-page","status-publish","hentry"],"_links":{"self":[{"href":"https:\/\/joaquinamenabar.com\/de\/wp-json\/wp\/v2\/pages\/1541","targetHints":{"allow":["GET"]}}],"collection":[{"href":"https:\/\/joaquinamenabar.com\/de\/wp-json\/wp\/v2\/pages"}],"about":[{"href":"https:\/\/joaquinamenabar.com\/de\/wp-json\/wp\/v2\/types\/page"}],"author":[{"embeddable":true,"href":"https:\/\/joaquinamenabar.com\/de\/wp-json\/wp\/v2\/users\/1"}],"replies":[{"embeddable":true,"href":"https:\/\/joaquinamenabar.com\/de\/wp-json\/wp\/v2\/comments?post=1541"}],"version-history":[{"count":23,"href":"https:\/\/joaquinamenabar.com\/de\/wp-json\/wp\/v2\/pages\/1541\/revisions"}],"predecessor-version":[{"id":5080,"href":"https:\/\/joaquinamenabar.com\/de\/wp-json\/wp\/v2\/pages\/1541\/revisions\/5080"}],"up":[{"embeddable":true,"href":"https:\/\/joaquinamenabar.com\/de\/wp-json\/wp\/v2\/pages\/1778"}],"wp:attachment":[{"href":"https:\/\/joaquinamenabar.com\/de\/wp-json\/wp\/v2\/media?parent=1541"}],"curies":[{"name":"wp","href":"https:\/\/api.w.org\/{rel}","templated":true}]}}