{"id":1553,"date":"2019-09-10T04:08:32","date_gmt":"2019-09-10T07:08:32","guid":{"rendered":"https:\/\/joaquinamenabar.com\/?page_id=1553"},"modified":"2021-12-23T04:45:14","modified_gmt":"2021-12-23T07:45:14","slug":"ejecutante","status":"publish","type":"page","link":"https:\/\/joaquinamenabar.com\/de\/joaquin\/ejecutante\/","title":{"rendered":"K\u00fcnstler"},"content":{"rendered":"<img loading=\"lazy\" decoding=\"async\" class=\"aligncenter size-full wp-image-3531\" src=\"https:\/\/joaquinamenabar.com\/wp-content\/uploads\/Perfomer.jpg\" alt=\"\" width=\"482\" height=\"720\" srcset=\"https:\/\/joaquinamenabar.com\/wp-content\/uploads\/Perfomer.jpg 482w, https:\/\/joaquinamenabar.com\/wp-content\/uploads\/Perfomer-250x373.jpg 250w, https:\/\/joaquinamenabar.com\/wp-content\/uploads\/Perfomer-350x523.jpg 350w, https:\/\/joaquinamenabar.com\/wp-content\/uploads\/Perfomer-150x224.jpg 150w\" sizes=\"auto, (max-width: 482px) 100vw, 482px\" \/><\/p>\n<p> \tJoaqu\u00edn Amen\u00e1bar gibt Bandone\u00f3nkozerte, sein Repertoire umfa\u00dft verschiedene klassiche, zeitgen\u00f6ssische und Tangomusik. Er hat Konzerte in den USA, Istanbul, Australien, Neuseeland, Deutschland, Italien, UK und anderen L\u00e4ndern Europas gegeben.<\/p>\n<ul>\n<li>J. Amen\u00e1bar spielte Bandone\u00f3n zum 250-j\u00e4hrigen Jubil\u00e4um von J.S.Bach im Ravinia Festival, Chicago, USA, im Juni 2000. Im Oktober 2002 spielte er die Weltpremiere des Bandone\u00f3n und Orgel St\u00fccks &#8220;Eleg\u00eda Porte\u00f1a&#8221; des argentinischen Komponisten Rodolfo Daluisio im f\u00fcnften Krefelder Bandonion Festival, DE.<\/li>\n<li>Leiter und erster Bandoneonist des\u00a0&#8220;Orquesta T\u00edpica de la Guardia Vieja&#8221; mit traditionellem Tangorepertoire<\/li>\n<\/ul>","protected":false},"excerpt":{"rendered":"<p>Joaqu\u00edn Amen\u00e1bar gibt Bandone\u00f3nkozerte, sein Repertoire umfa\u00dft verschiedene klassiche, zeitgen\u00f6ssische und Tangomusik. Er hat Konzerte in den USA, Istanbul, Australien, Neuseeland, Deutschland, Italien, UK und anderen L\u00e4ndern Europas gegeben. J. Amen\u00e1bar spielte Bandone\u00f3n zum 250-j\u00e4hrigen Jubil\u00e4um von J.S.Bach im Ravinia &hellip; <a class=\"kt-excerpt-readmore\" href=\"https:\/\/joaquinamenabar.com\/de\/joaquin\/ejecutante\/\" aria-label=\"K\u00fcnstler\">Weiterlesen<\/a><\/p>\n","protected":false},"author":1,"featured_media":0,"parent":1778,"menu_order":3,"comment_status":"closed","ping_status":"closed","template":"page-fullwidth.php","meta":{"nf_dc_page":"","footnotes":""},"class_list":["post-1553","page","type-page","status-publish","hentry"],"_links":{"self":[{"href":"https:\/\/joaquinamenabar.com\/de\/wp-json\/wp\/v2\/pages\/1553","targetHints":{"allow":["GET"]}}],"collection":[{"href":"https:\/\/joaquinamenabar.com\/de\/wp-json\/wp\/v2\/pages"}],"about":[{"href":"https:\/\/joaquinamenabar.com\/de\/wp-json\/wp\/v2\/types\/page"}],"author":[{"embeddable":true,"href":"https:\/\/joaquinamenabar.com\/de\/wp-json\/wp\/v2\/users\/1"}],"replies":[{"embeddable":true,"href":"https:\/\/joaquinamenabar.com\/de\/wp-json\/wp\/v2\/comments?post=1553"}],"version-history":[{"count":22,"href":"https:\/\/joaquinamenabar.com\/de\/wp-json\/wp\/v2\/pages\/1553\/revisions"}],"predecessor-version":[{"id":5081,"href":"https:\/\/joaquinamenabar.com\/de\/wp-json\/wp\/v2\/pages\/1553\/revisions\/5081"}],"up":[{"embeddable":true,"href":"https:\/\/joaquinamenabar.com\/de\/wp-json\/wp\/v2\/pages\/1778"}],"wp:attachment":[{"href":"https:\/\/joaquinamenabar.com\/de\/wp-json\/wp\/v2\/media?parent=1553"}],"curies":[{"name":"wp","href":"https:\/\/api.w.org\/{rel}","templated":true}]}}