{"id":1560,"date":"2019-09-10T04:13:23","date_gmt":"2019-09-10T07:13:23","guid":{"rendered":"https:\/\/joaquinamenabar.com\/?page_id=1560"},"modified":"2022-10-28T06:37:21","modified_gmt":"2022-10-28T09:37:21","slug":"afinacion","status":"publish","type":"page","link":"https:\/\/joaquinamenabar.com\/de\/joaquin\/afinacion\/","title":{"rendered":"Bandoneon stimmen"},"content":{"rendered":"<img loading=\"lazy\" decoding=\"async\" src=\"https:\/\/joaquinamenabar.com\/wp-content\/uploads\/afinag-545.jpg\" alt=\"\" width=\"545\" height=\"545\" class=\"aligncenter size-full wp-image-2406\" srcset=\"https:\/\/joaquinamenabar.com\/wp-content\/uploads\/afinag-545.jpg 545w, https:\/\/joaquinamenabar.com\/wp-content\/uploads\/afinag-545-250x250.jpg 250w, https:\/\/joaquinamenabar.com\/wp-content\/uploads\/afinag-545-100x100.jpg 100w, https:\/\/joaquinamenabar.com\/wp-content\/uploads\/afinag-545-150x150.jpg 150w, https:\/\/joaquinamenabar.com\/wp-content\/uploads\/afinag-545-350x350.jpg 350w\" sizes=\"auto, (max-width: 545px) 100vw, 545px\" \/><br \/>\n \tJoaqu\u00edn Amen\u00e1bar hat Bandoneonstimmung, B\u00e4lgebau und Restauration mit J. Weckesser, &#8220;El Alem\u00e1n de Barracas&#8221; gelernt und mit ihm seine letzten f\u00fcnf Jahre gearbeitet. J.Weckesser war 1930 von Hamburg nach Argentinien emigriert und hatte dort mehr als sechzig Jahre lang Bandoneons gestimmt.<\/p>\n<ul>\n<li>Amen\u00e1bar war vom Institut f\u00fcr Musikinstrumenten- bau von Zwota, Klingenthal, DE, im Januar 2001 eingeladen worden zum Informationsaustausch \u00fcber Bandone\u00f3nstimmung f\u00fcr das Projekt Wieder- aufbau der Arnold Bandone\u00f3n in Carlsfeld, DE.<\/li>\n<li>Er hat Vortr\u00e4ge in verschiedenen Universit\u00e4ten und Foren \u00fcber das Bandone\u00f3n gehalten, seine Entwicklung von der Konzertina, \u00fcber die Stellung der Noten auf der Tastatur, \u00fcber Methoden, das Instrument zu lernen, und Vortr\u00e4ge f\u00fcr Komponisten und Arrangeure.<\/li>\n<\/ul>","protected":false},"excerpt":{"rendered":"<p>Joaqu\u00edn Amen\u00e1bar hat Bandoneonstimmung, B\u00e4lgebau und Restauration mit J. Weckesser, &#8220;El Alem\u00e1n de Barracas&#8221; gelernt und mit ihm seine letzten f\u00fcnf Jahre gearbeitet. J.Weckesser war 1930 von Hamburg nach Argentinien emigriert und hatte dort mehr als sechzig Jahre lang Bandoneons &hellip; <a class=\"kt-excerpt-readmore\" href=\"https:\/\/joaquinamenabar.com\/de\/joaquin\/afinacion\/\" aria-label=\"Bandoneon stimmen\">Weiterlesen<\/a><\/p>\n","protected":false},"author":1,"featured_media":0,"parent":1778,"menu_order":4,"comment_status":"closed","ping_status":"closed","template":"page-fullwidth.php","meta":{"nf_dc_page":"","footnotes":""},"class_list":["post-1560","page","type-page","status-publish","hentry"],"_links":{"self":[{"href":"https:\/\/joaquinamenabar.com\/de\/wp-json\/wp\/v2\/pages\/1560","targetHints":{"allow":["GET"]}}],"collection":[{"href":"https:\/\/joaquinamenabar.com\/de\/wp-json\/wp\/v2\/pages"}],"about":[{"href":"https:\/\/joaquinamenabar.com\/de\/wp-json\/wp\/v2\/types\/page"}],"author":[{"embeddable":true,"href":"https:\/\/joaquinamenabar.com\/de\/wp-json\/wp\/v2\/users\/1"}],"replies":[{"embeddable":true,"href":"https:\/\/joaquinamenabar.com\/de\/wp-json\/wp\/v2\/comments?post=1560"}],"version-history":[{"count":19,"href":"https:\/\/joaquinamenabar.com\/de\/wp-json\/wp\/v2\/pages\/1560\/revisions"}],"predecessor-version":[{"id":6695,"href":"https:\/\/joaquinamenabar.com\/de\/wp-json\/wp\/v2\/pages\/1560\/revisions\/6695"}],"up":[{"embeddable":true,"href":"https:\/\/joaquinamenabar.com\/de\/wp-json\/wp\/v2\/pages\/1778"}],"wp:attachment":[{"href":"https:\/\/joaquinamenabar.com\/de\/wp-json\/wp\/v2\/media?parent=1560"}],"curies":[{"name":"wp","href":"https:\/\/api.w.org\/{rel}","templated":true}]}}