{"id":2256,"date":"2019-10-15T03:41:04","date_gmt":"2019-10-15T06:41:04","guid":{"rendered":"https:\/\/joaquinamenabar.com\/?page_id=2256"},"modified":"2022-10-28T07:04:57","modified_gmt":"2022-10-28T10:04:57","slug":"dance","status":"publish","type":"page","link":"https:\/\/joaquinamenabar.com\/de\/joaquin\/dance\/","title":{"rendered":"Tango-Musikalit\u00e4t &#8211; Tanz"},"content":{"rendered":"<div id=\"pl-2256\"  class=\"panel-layout\" ><div id=\"pg-2256-0\"  class=\"panel-grid panel-has-style\" ><div class=\"panel-widget-style panel-row-style panel-row-style-for-2256-0\" ><div id=\"pgc-2256-0-0\"  class=\"panel-grid-cell\" ><div id=\"panel-2256-0-0-0\" class=\"so-panel widget widget_sow-editor panel-first-child panel-last-child\" data-index=\"0\" ><div class=\"panel-widget-style panel-widget-style-for-2256-0-0-0\" ><div\n\t\t\t\n\t\t\tclass=\"so-widget-sow-editor so-widget-sow-editor-base\"\n\t\t\t\n\t\t>\n<div class=\"siteorigin-widget-tinymce textwidget\">\n\t<div class=\"kad-youtube-shortcode videofit\" style=\"max-width:800px;\" ><iframe loading=\"lazy\" width=\"600\" height=\"400\" src=\"https:\/\/www.youtube.com\/embed\/Y3FAm_Hs4tM?autoplay=0&controls=1&fs=1&modestbranding=0&theme=dark&rel=0&loop=0&showinfo=1\" frameborder=\"0\" allowfullscreen=\"true\"><\/iframe><\/div>\n<\/div>\n<\/div><\/div><\/div><\/div><div id=\"pgc-2256-0-1\"  class=\"panel-grid-cell\" ><div id=\"panel-2256-0-1-0\" class=\"so-panel widget widget_sow-editor panel-first-child panel-last-child\" data-index=\"1\" ><div class=\"panel-widget-style panel-widget-style-for-2256-0-1-0\" ><div\n\t\t\t\n\t\t\tclass=\"so-widget-sow-editor so-widget-sow-editor-base\"\n\t\t\t\n\t\t>\n<div class=\"siteorigin-widget-tinymce textwidget\">\n\t<div class=\"kad-youtube-shortcode videofit\" style=\"max-width:800px;\" ><iframe loading=\"lazy\" width=\"600\" height=\"400\" src=\"https:\/\/www.youtube.com\/embed\/c4mIPk0ZFBg?autoplay=0&controls=1&fs=1&modestbranding=0&theme=dark&rel=0&loop=0&showinfo=1\" frameborder=\"0\" allowfullscreen=\"true\"><\/iframe><\/div>\n<\/div>\n<\/div><\/div><\/div><\/div><div id=\"pgc-2256-0-2\"  class=\"panel-grid-cell\" ><div id=\"panel-2256-0-2-0\" class=\"so-panel widget widget_sow-editor panel-first-child panel-last-child\" data-index=\"2\" ><div class=\"panel-widget-style panel-widget-style-for-2256-0-2-0\" ><div\n\t\t\t\n\t\t\tclass=\"so-widget-sow-editor so-widget-sow-editor-base\"\n\t\t\t\n\t\t>\n<div class=\"siteorigin-widget-tinymce textwidget\">\n\t<div class=\"kad-youtube-shortcode videofit\" style=\"max-width:800px;\" ><iframe loading=\"lazy\" width=\"600\" height=\"400\" src=\"https:\/\/www.youtube.com\/embed\/YnjAmvtVJlE?autoplay=0&controls=1&fs=1&modestbranding=0&theme=dark&rel=0&loop=0&showinfo=1\" frameborder=\"0\" allowfullscreen=\"true\"><\/iframe><\/div>\n<\/div>\n<\/div><\/div><\/div><\/div><\/div><\/div><div id=\"pg-2256-1\"  class=\"panel-grid panel-no-style\" ><div id=\"pgc-2256-1-0\"  class=\"panel-grid-cell\" ><div id=\"panel-2256-1-0-0\" class=\"so-panel widget widget_sow-editor panel-first-child panel-last-child\" data-index=\"3\" ><div\n\t\t\t\n\t\t\tclass=\"so-widget-sow-editor so-widget-sow-editor-base\"\n\t\t\t\n\t\t>\n<div class=\"siteorigin-widget-tinymce textwidget\">\n\t<p>Joaqu\u00edn Amen\u00e1bar spielt das Bandoneon in Solokonzerten oder mit seinem Tango Orchester \"Orquesta T\u00edpica de la Guardia Vieja\", aber auch als Gastmusiker mit anderen Tango-Gruppen.\u00a0Er tanzt Tango seit 1994. Er hat beide Disziplinen kombiniert und eine einzigartige Methode geschaffen, um Tangomusik f\u00fcr T\u00e4nzer zu unterrichten, die keinerlei musikalische Ausbildung haben.<\/p>\n<p>Joaqu\u00edn Amen\u00e1bar unterrichtet seit mehr als 20 Jahren Tangomusik f\u00fcr Tangot\u00e4nzer ohne musikalische Ausbildung auf allen Kontinenten in sechs verschiedenen Sprachen. 2009 ver\u00f6ffentlichte er das Multimedia-Buch \"Tango: Zur Musik tanzen!\"\u00a9. Es wurde in 7 Sprachen \u00fcbersetzt, darunter Chinesisch und Koreanisch. Es ist das erste Multimedia-Buch zu diesem Thema.<\/p>\n<p>Seine Methode verwendet keinerlei technische Musiksprache. Es erm\u00f6glicht den T\u00e4nzern, die verschiedenen rhythmischen Einheiten der Tangomusik\u00a0 - von den einfachsten bis zu den kompliziertesten -\u00a0 mit einem einfachen Tanz-Vokabular in ihrem Tanz anzuwenden.<\/p>\n<p>In diesen Klassen werden keine Schritte unterrichtet. Die Workshops sind nicht theoretisch und die T\u00e4nzer bewegen sich auf der Tanzfl\u00e4che und arbeiten an den verschiedenen \u00dcbungen in der gesamten Klasse, jeder auf seinem eigenen Tanz-Niveau.<\/p>\n<p>&nbsp;<\/p>\n<p>&nbsp;<\/p>\n<\/div>\n<\/div><\/div><\/div><\/div><div id=\"pg-2256-2\"  class=\"panel-grid panel-no-style\" ><div id=\"pgc-2256-2-0\"  class=\"panel-grid-cell panel-grid-cell-empty\" ><\/div><div id=\"pgc-2256-2-1\"  class=\"panel-grid-cell panel-grid-cell-empty\" ><\/div><div id=\"pgc-2256-2-2\"  class=\"panel-grid-cell\" ><div id=\"panel-2256-2-2-0\" class=\"so-panel widget widget_sow-editor panel-first-child panel-last-child\" data-index=\"4\" ><div class=\"panel-widget-style panel-widget-style-for-2256-2-2-0\" ><div\n\t\t\t\n\t\t\tclass=\"so-widget-sow-editor so-widget-sow-editor-base\"\n\t\t\t\n\t\t>\n<div class=\"siteorigin-widget-tinymce textwidget\">\n\t<div style=\"padding: 56.25% 0 0 0; position: relative;\"><iframe style=\"position: absolute; top: 0; left: 0; width: 100%; height: 100%;\" title=\"Einleitung\" src=\"https:\/\/player.vimeo.com\/video\/676466363?h=3fe5dce325&amp;badge=0&amp;autopause=0&amp;player_id=0&amp;app_id=58479\" frameborder=\"0\" allowfullscreen=\"allowfullscreen\"><\/iframe><\/div>\n<\/div>\n<\/div><\/div><\/div><\/div><div id=\"pgc-2256-2-3\"  class=\"panel-grid-cell panel-grid-cell-empty panel-grid-cell-mobile-last\" ><\/div><div id=\"pgc-2256-2-4\"  class=\"panel-grid-cell panel-grid-cell-empty\" ><\/div><\/div><div id=\"pg-2256-3\"  class=\"panel-grid panel-no-style\" ><div id=\"pgc-2256-3-0\"  class=\"panel-grid-cell\" >\t    <div id=\"panel-2256-3-0-0\" class=\"so-panel widget widget_kadence_testimonials_slider kadence_testimonials_slider panel-first-child panel-last-child\" data-index=\"5\" >\t    <h3 class=\"widget-title\">Meinungen<\/h3>\t\t\t<div class=\"fredcarousel kt-testimonial-carousel-container\">\n\t\t\t\t<div id=\"carouselcontainer-300\" class=\"rowtight\">\n\t\t\t\t\t<div id=\"testimonial-carousel-300\" class=\"kad-testimonial-carousel kt-slickslider slick-slider kt-content-carousel loading clearfix\" data-slider-fade=\"false\" data-slider-dots=\"false\" data-slider-arrows=\"true\"  data-slider-type=\"content-carousel\" data-slider-anim-speed=\"400\" data-slider-scroll=\"items:1,\" data-slider-auto=\"true\" data-slider-speed=\"7000\" data-slider-xxl=\"4\" data-slider-xl=\"4\" data-slider-md=\"4\" data-slider-sm=\"3\" data-slider-xs=\"2\" data-slider-ss=\"1\">\n\t\t\t\t\t\n\t\t\t\t\t\t\t\t\t\t\t<div class=\"tcol-md-3 tcol-sm-4 tcol-xs-6 tcol-ss-12 t_item\">\n\t<div class=\"grid_item testimonial_item kt_item_fade_in kad_testimonial_fade_in postclass\">\n\t\t<div class=\"testimonialbox clearfix\">\n\t\t\t\t\t\t\t<div class=\"alignleft testimonialimg\" style=\"max-width: 60px\">\n\t\t\t\t\t<div class=\"kt-intrinsic\" style=\"padding-bottom:100%;\">\n\t\t\t\t\t\t<img loading=\"lazy\" decoding=\"async\" src=\"https:\/\/joaquinamenabar.com\/wp-content\/uploads\/USA-flag-60x60.png\" srcset=\"https:\/\/joaquinamenabar.com\/wp-content\/uploads\/USA-flag-60x60.png 60w, https:\/\/joaquinamenabar.com\/wp-content\/uploads\/USA-flag-250x250.png 250w, https:\/\/joaquinamenabar.com\/wp-content\/uploads\/USA-flag-100x100.png 100w, https:\/\/joaquinamenabar.com\/wp-content\/uploads\/USA-flag-150x150.png 150w, https:\/\/joaquinamenabar.com\/wp-content\/uploads\/USA-flag-350x350.png 350w, https:\/\/joaquinamenabar.com\/wp-content\/uploads\/USA-flag-120x120.png 120w, https:\/\/joaquinamenabar.com\/wp-content\/uploads\/USA-flag.png 500w\" sizes=\"auto, (max-width: 60px) 100vw, 60px\" style=\"display: block; max-width:60px;\" alt=\"\" width=\"60\" height=\"60\" class=\"\">\t\t\t\t\t<\/div>\n\t\t\t\t<\/div>\n\t\t\tAmazing class &#8230;. packed with information&#8230;great chances to apply concepts and principles that were introduced. The tools used to introduce and build on the&#8230;\n<a href=\"https:\/\/joaquinamenabar.com\/testimonials\/\" class=\"kadtestimoniallink\">Read more<\/a>\t\t<\/div>\n\t\t<div class=\"testimonialbottom\">\n\t\t\t<div class=\"lipbg kad-arrow-down\"><\/div>\n\t\t\t<p><strong>Rebekah Halpern &#8211; San Pedro, Los Angeles, USA<\/strong>\n\t\t\t\t\t\t\t<\/p>\n\t\t<\/div>\n\t<\/div>\n<\/div>\t\t\t\t\t\t\t\t\t\t\t<div class=\"tcol-md-3 tcol-sm-4 tcol-xs-6 tcol-ss-12 t_item\">\n\t<div class=\"grid_item testimonial_item kt_item_fade_in kad_testimonial_fade_in postclass\">\n\t\t<div class=\"testimonialbox clearfix\">\n\t\t\t\t\t\t\t<div class=\"alignleft testimonialimg\" style=\"max-width: 60px\">\n\t\t\t\t\t<div class=\"kt-intrinsic\" style=\"padding-bottom:100%;\">\n\t\t\t\t\t\t<img loading=\"lazy\" decoding=\"async\" src=\"https:\/\/joaquinamenabar.com\/wp-content\/uploads\/Italian-flag-60x60.png\" srcset=\"https:\/\/joaquinamenabar.com\/wp-content\/uploads\/Italian-flag-60x60.png 60w, https:\/\/joaquinamenabar.com\/wp-content\/uploads\/Italian-flag-250x250.png 250w, https:\/\/joaquinamenabar.com\/wp-content\/uploads\/Italian-flag-100x100.png 100w, https:\/\/joaquinamenabar.com\/wp-content\/uploads\/Italian-flag-150x150.png 150w, https:\/\/joaquinamenabar.com\/wp-content\/uploads\/Italian-flag-350x350.png 350w, https:\/\/joaquinamenabar.com\/wp-content\/uploads\/Italian-flag-120x120.png 120w, https:\/\/joaquinamenabar.com\/wp-content\/uploads\/Italian-flag.png 500w\" sizes=\"auto, (max-width: 60px) 100vw, 60px\" style=\"display: block; max-width:60px;\" alt=\"\" width=\"60\" height=\"60\" class=\"\">\t\t\t\t\t<\/div>\n\t\t\t\t<\/div>\n\t\t\tAncora Grazie Joaquin Amenabar per altro weekend di tanta saggezza, come ha detto una,allieva ILLUMINANTE, conoscere il tuo metodo unico nel mondo non solo&#8230;\n<a href=\"https:\/\/joaquinamenabar.com\/testimonials\/\" class=\"kadtestimoniallink\">Read more<\/a>\t\t<\/div>\n\t\t<div class=\"testimonialbottom\">\n\t\t\t<div class=\"lipbg kad-arrow-down\"><\/div>\n\t\t\t<p><strong>Mara Mansur &#8211; Bari, IT<\/strong>\n\t\t\t\t\t\t\t<\/p>\n\t\t<\/div>\n\t<\/div>\n<\/div>\t\t\t\t\t\t\t\t\t\t\t<div class=\"tcol-md-3 tcol-sm-4 tcol-xs-6 tcol-ss-12 t_item\">\n\t<div class=\"grid_item testimonial_item kt_item_fade_in kad_testimonial_fade_in postclass\">\n\t\t<div class=\"testimonialbox clearfix\">\n\t\t\t\t\t\t\t<div class=\"alignleft testimonialimg\" style=\"max-width: 60px\">\n\t\t\t\t\t<div class=\"kt-intrinsic\" style=\"padding-bottom:100%;\">\n\t\t\t\t\t\t<img loading=\"lazy\" decoding=\"async\" src=\"https:\/\/joaquinamenabar.com\/wp-content\/uploads\/NZ-flag-60x60.png\" srcset=\"https:\/\/joaquinamenabar.com\/wp-content\/uploads\/NZ-flag-60x60.png 60w, https:\/\/joaquinamenabar.com\/wp-content\/uploads\/NZ-flag-250x250.png 250w, https:\/\/joaquinamenabar.com\/wp-content\/uploads\/NZ-flag-100x100.png 100w, https:\/\/joaquinamenabar.com\/wp-content\/uploads\/NZ-flag-150x150.png 150w, https:\/\/joaquinamenabar.com\/wp-content\/uploads\/NZ-flag-350x350.png 350w, https:\/\/joaquinamenabar.com\/wp-content\/uploads\/NZ-flag-120x120.png 120w, https:\/\/joaquinamenabar.com\/wp-content\/uploads\/NZ-flag.png 500w\" sizes=\"auto, (max-width: 60px) 100vw, 60px\" style=\"display: block; max-width:60px;\" alt=\"\" width=\"60\" height=\"60\" class=\"\">\t\t\t\t\t<\/div>\n\t\t\t\t<\/div>\n\t\t\t&#8220;Joaqu\u00edn Amenabar has been coming to New Zealand for over 15 years. I have been lucky enough to host him on his first two&#8230;\n<a href=\"https:\/\/joaquinamenabar.com\/testimonials\/\" class=\"kadtestimoniallink\">Read more<\/a>\t\t<\/div>\n\t\t<div class=\"testimonialbottom\">\n\t\t\t<div class=\"lipbg kad-arrow-down\"><\/div>\n\t\t\t<p><strong>Mathew Civil &#8211; Auckland, New Zealand<\/strong>\n\t\t\t\t\t\t\t<\/p>\n\t\t<\/div>\n\t<\/div>\n<\/div>\t\t\t\t\t\t\t\t\t\t\t<div class=\"tcol-md-3 tcol-sm-4 tcol-xs-6 tcol-ss-12 t_item\">\n\t<div class=\"grid_item testimonial_item kt_item_fade_in kad_testimonial_fade_in postclass\">\n\t\t<div class=\"testimonialbox clearfix\">\n\t\t\t\t\t\t\t<div class=\"alignleft testimonialimg\" style=\"max-width: 60px\">\n\t\t\t\t\t<div class=\"kt-intrinsic\" style=\"padding-bottom:100%;\">\n\t\t\t\t\t\t<img loading=\"lazy\" decoding=\"async\" src=\"https:\/\/joaquinamenabar.com\/wp-content\/uploads\/NZ-flag-60x60.png\" srcset=\"https:\/\/joaquinamenabar.com\/wp-content\/uploads\/NZ-flag-60x60.png 60w, https:\/\/joaquinamenabar.com\/wp-content\/uploads\/NZ-flag-250x250.png 250w, https:\/\/joaquinamenabar.com\/wp-content\/uploads\/NZ-flag-100x100.png 100w, https:\/\/joaquinamenabar.com\/wp-content\/uploads\/NZ-flag-150x150.png 150w, https:\/\/joaquinamenabar.com\/wp-content\/uploads\/NZ-flag-350x350.png 350w, https:\/\/joaquinamenabar.com\/wp-content\/uploads\/NZ-flag-120x120.png 120w, https:\/\/joaquinamenabar.com\/wp-content\/uploads\/NZ-flag.png 500w\" sizes=\"auto, (max-width: 60px) 100vw, 60px\" style=\"display: block; max-width:60px;\" alt=\"\" width=\"60\" height=\"60\" class=\"\">\t\t\t\t\t<\/div>\n\t\t\t\t<\/div>\n\t\t\t&#8220;I highly recommend going to Joaquin\u2019s workshops, it\u2019s rare to have such expertise and high level of detail from his experience here in NZ.&#8221;\n<a href=\"https:\/\/joaquinamenabar.com\/testimonials\/\" class=\"kadtestimoniallink\">Read more<\/a>\t\t<\/div>\n\t\t<div class=\"testimonialbottom\">\n\t\t\t<div class=\"lipbg kad-arrow-down\"><\/div>\n\t\t\t<p><strong>Alex White &#8211; Wellington, New Zealand<\/strong>\n\t\t\t\t\t\t\t<\/p>\n\t\t<\/div>\n\t<\/div>\n<\/div>\t\t\t\t\t\t\t\t\t\t\t<div class=\"tcol-md-3 tcol-sm-4 tcol-xs-6 tcol-ss-12 t_item\">\n\t<div class=\"grid_item testimonial_item kt_item_fade_in kad_testimonial_fade_in postclass\">\n\t\t<div class=\"testimonialbox clearfix\">\n\t\t\t\t\t\t\t<div class=\"alignleft testimonialimg\" style=\"max-width: 60px\">\n\t\t\t\t\t<div class=\"kt-intrinsic\" style=\"padding-bottom:100%;\">\n\t\t\t\t\t\t<img loading=\"lazy\" decoding=\"async\" src=\"https:\/\/joaquinamenabar.com\/wp-content\/uploads\/USA-flag-60x60.png\" srcset=\"https:\/\/joaquinamenabar.com\/wp-content\/uploads\/USA-flag-60x60.png 60w, https:\/\/joaquinamenabar.com\/wp-content\/uploads\/USA-flag-250x250.png 250w, https:\/\/joaquinamenabar.com\/wp-content\/uploads\/USA-flag-100x100.png 100w, https:\/\/joaquinamenabar.com\/wp-content\/uploads\/USA-flag-150x150.png 150w, https:\/\/joaquinamenabar.com\/wp-content\/uploads\/USA-flag-350x350.png 350w, https:\/\/joaquinamenabar.com\/wp-content\/uploads\/USA-flag-120x120.png 120w, https:\/\/joaquinamenabar.com\/wp-content\/uploads\/USA-flag.png 500w\" sizes=\"auto, (max-width: 60px) 100vw, 60px\" style=\"display: block; max-width:60px;\" alt=\"\" width=\"60\" height=\"60\" class=\"\">\t\t\t\t\t<\/div>\n\t\t\t\t<\/div>\n\t\t\tJoaquin&#8217;s workshop was strictly about musicality and understanding the music and it has proven itself priceless. If you get a chance to take one&#8230;\n<a href=\"https:\/\/joaquinamenabar.com\/testimonials\/\" class=\"kadtestimoniallink\">Read more<\/a>\t\t<\/div>\n\t\t<div class=\"testimonialbottom\">\n\t\t\t<div class=\"lipbg kad-arrow-down\"><\/div>\n\t\t\t<p><strong>Jess Martinez &#8211; California, USA<\/strong>\n\t\t\t\t\t\t\t<\/p>\n\t\t<\/div>\n\t<\/div>\n<\/div>\t\t\t\t\t\t\t\t\t\t\t<div class=\"tcol-md-3 tcol-sm-4 tcol-xs-6 tcol-ss-12 t_item\">\n\t<div class=\"grid_item testimonial_item kt_item_fade_in kad_testimonial_fade_in postclass\">\n\t\t<div class=\"testimonialbox clearfix\">\n\t\t\t\t\t\t\t<div class=\"alignleft testimonialimg\" style=\"max-width: 60px\">\n\t\t\t\t\t<div class=\"kt-intrinsic\" style=\"padding-bottom:100%;\">\n\t\t\t\t\t\t<img loading=\"lazy\" decoding=\"async\" src=\"https:\/\/joaquinamenabar.com\/wp-content\/uploads\/NZ-flag-60x60.png\" srcset=\"https:\/\/joaquinamenabar.com\/wp-content\/uploads\/NZ-flag-60x60.png 60w, https:\/\/joaquinamenabar.com\/wp-content\/uploads\/NZ-flag-250x250.png 250w, https:\/\/joaquinamenabar.com\/wp-content\/uploads\/NZ-flag-100x100.png 100w, https:\/\/joaquinamenabar.com\/wp-content\/uploads\/NZ-flag-150x150.png 150w, https:\/\/joaquinamenabar.com\/wp-content\/uploads\/NZ-flag-350x350.png 350w, https:\/\/joaquinamenabar.com\/wp-content\/uploads\/NZ-flag-120x120.png 120w, https:\/\/joaquinamenabar.com\/wp-content\/uploads\/NZ-flag.png 500w\" sizes=\"auto, (max-width: 60px) 100vw, 60px\" style=\"display: block; max-width:60px;\" alt=\"\" width=\"60\" height=\"60\" class=\"\">\t\t\t\t\t<\/div>\n\t\t\t\t<\/div>\n\t\t\t&#8220;Joaquin Amenabar has spent years perfecting the teaching of musicality to tango dancers. Over that time, he has developed a systematic and applied way&#8230;\n<a href=\"https:\/\/joaquinamenabar.com\/testimonials\/\" class=\"kadtestimoniallink\">Read more<\/a>\t\t<\/div>\n\t\t<div class=\"testimonialbottom\">\n\t\t\t<div class=\"lipbg kad-arrow-down\"><\/div>\n\t\t\t<p><strong>Grant Fromont &#8211; Auckland, New Zealand<\/strong>\n\t\t\t\t\t\t\t<\/p>\n\t\t<\/div>\n\t<\/div>\n<\/div>\t\t\t\t\t\t\t\t\t\t\t<div class=\"tcol-md-3 tcol-sm-4 tcol-xs-6 tcol-ss-12 t_item\">\n\t<div class=\"grid_item testimonial_item kt_item_fade_in kad_testimonial_fade_in postclass\">\n\t\t<div class=\"testimonialbox clearfix\">\n\t\t\t\t\t\t\t<div class=\"alignleft testimonialimg\" style=\"max-width: 60px\">\n\t\t\t\t\t<div class=\"kt-intrinsic\" style=\"padding-bottom:100%;\">\n\t\t\t\t\t\t<img loading=\"lazy\" decoding=\"async\" src=\"https:\/\/joaquinamenabar.com\/wp-content\/uploads\/NZ-flag-60x60.png\" srcset=\"https:\/\/joaquinamenabar.com\/wp-content\/uploads\/NZ-flag-60x60.png 60w, https:\/\/joaquinamenabar.com\/wp-content\/uploads\/NZ-flag-250x250.png 250w, https:\/\/joaquinamenabar.com\/wp-content\/uploads\/NZ-flag-100x100.png 100w, https:\/\/joaquinamenabar.com\/wp-content\/uploads\/NZ-flag-150x150.png 150w, https:\/\/joaquinamenabar.com\/wp-content\/uploads\/NZ-flag-350x350.png 350w, https:\/\/joaquinamenabar.com\/wp-content\/uploads\/NZ-flag-120x120.png 120w, https:\/\/joaquinamenabar.com\/wp-content\/uploads\/NZ-flag.png 500w\" sizes=\"auto, (max-width: 60px) 100vw, 60px\" style=\"display: block; max-width:60px;\" alt=\"\" width=\"60\" height=\"60\" class=\"\">\t\t\t\t\t<\/div>\n\t\t\t\t<\/div>\n\t\t\t&#8220;I\u2019d been playing music professionally for many decades but was a beginner \/ improver level tango dancer when I attended a series of Joaquin&#8230;\n<a href=\"https:\/\/joaquinamenabar.com\/testimonials\/\" class=\"kadtestimoniallink\">Read more<\/a>\t\t<\/div>\n\t\t<div class=\"testimonialbottom\">\n\t\t\t<div class=\"lipbg kad-arrow-down\"><\/div>\n\t\t\t<p><strong>Stu Johnstone &#8211; Auckland, New Zealand<\/strong>\n\t\t\t\t\t\t\t<\/p>\n\t\t<\/div>\n\t<\/div>\n<\/div>\t\t\t\t\t\t\t\t\t\t\t<div class=\"tcol-md-3 tcol-sm-4 tcol-xs-6 tcol-ss-12 t_item\">\n\t<div class=\"grid_item testimonial_item kt_item_fade_in kad_testimonial_fade_in postclass\">\n\t\t<div class=\"testimonialbox clearfix\">\n\t\t\t\t\t\t\t<div class=\"alignleft testimonialimg\" style=\"max-width: 60px\">\n\t\t\t\t\t<div class=\"kt-intrinsic\" style=\"padding-bottom:100%;\">\n\t\t\t\t\t\t<img loading=\"lazy\" decoding=\"async\" src=\"https:\/\/joaquinamenabar.com\/wp-content\/uploads\/NZ-flag-60x60.png\" srcset=\"https:\/\/joaquinamenabar.com\/wp-content\/uploads\/NZ-flag-60x60.png 60w, https:\/\/joaquinamenabar.com\/wp-content\/uploads\/NZ-flag-250x250.png 250w, https:\/\/joaquinamenabar.com\/wp-content\/uploads\/NZ-flag-100x100.png 100w, https:\/\/joaquinamenabar.com\/wp-content\/uploads\/NZ-flag-150x150.png 150w, https:\/\/joaquinamenabar.com\/wp-content\/uploads\/NZ-flag-350x350.png 350w, https:\/\/joaquinamenabar.com\/wp-content\/uploads\/NZ-flag-120x120.png 120w, https:\/\/joaquinamenabar.com\/wp-content\/uploads\/NZ-flag.png 500w\" sizes=\"auto, (max-width: 60px) 100vw, 60px\" style=\"display: block; max-width:60px;\" alt=\"\" width=\"60\" height=\"60\" class=\"\">\t\t\t\t\t<\/div>\n\t\t\t\t<\/div>\n\t\t\t&#8220;Joaquin\u2019s information underpins my musicality. The material he presents is really very good. He has thought carefully about how to present his information to&#8230;\n<a href=\"https:\/\/joaquinamenabar.com\/testimonials\/\" class=\"kadtestimoniallink\">Read more<\/a>\t\t<\/div>\n\t\t<div class=\"testimonialbottom\">\n\t\t\t<div class=\"lipbg kad-arrow-down\"><\/div>\n\t\t\t<p><strong>Martyn Atack &#8211; Auckland, New Zealand<\/strong>\n\t\t\t\t\t\t\t<\/p>\n\t\t<\/div>\n\t<\/div>\n<\/div>\t\t\t\t\t\t\t\t\t\t<\/div>\n\t\t\t\t<\/div>\n\t\t\t<\/div>\n\t      \n\t    <\/div>\t<\/div><\/div><\/div>","protected":false},"excerpt":{"rendered":"<p>Joaqu\u00edn Amen\u00e1bar spielt das Bandoneon in Solokonzerten oder mit seinem Tango Orchester &#8220;Orquesta T\u00edpica de la Guardia Vieja&#8221;, aber auch als Gastmusiker mit anderen Tango-Gruppen.\u00a0Er tanzt Tango seit 1994. Er hat beide Disziplinen kombiniert und eine einzigartige Methode geschaffen, um &hellip; <a class=\"kt-excerpt-readmore\" href=\"https:\/\/joaquinamenabar.com\/de\/joaquin\/dance\/\" aria-label=\"Tango-Musikalit\u00e4t &#8211; Tanz\">Weiterlesen<\/a><\/p>\n","protected":false},"author":1,"featured_media":0,"parent":1778,"menu_order":6,"comment_status":"closed","ping_status":"closed","template":"page-fullwidth.php","meta":{"nf_dc_page":"","footnotes":""},"class_list":["post-2256","page","type-page","status-publish","hentry"],"_links":{"self":[{"href":"https:\/\/joaquinamenabar.com\/de\/wp-json\/wp\/v2\/pages\/2256","targetHints":{"allow":["GET"]}}],"collection":[{"href":"https:\/\/joaquinamenabar.com\/de\/wp-json\/wp\/v2\/pages"}],"about":[{"href":"https:\/\/joaquinamenabar.com\/de\/wp-json\/wp\/v2\/types\/page"}],"author":[{"embeddable":true,"href":"https:\/\/joaquinamenabar.com\/de\/wp-json\/wp\/v2\/users\/1"}],"replies":[{"embeddable":true,"href":"https:\/\/joaquinamenabar.com\/de\/wp-json\/wp\/v2\/comments?post=2256"}],"version-history":[{"count":101,"href":"https:\/\/joaquinamenabar.com\/de\/wp-json\/wp\/v2\/pages\/2256\/revisions"}],"predecessor-version":[{"id":6699,"href":"https:\/\/joaquinamenabar.com\/de\/wp-json\/wp\/v2\/pages\/2256\/revisions\/6699"}],"up":[{"embeddable":true,"href":"https:\/\/joaquinamenabar.com\/de\/wp-json\/wp\/v2\/pages\/1778"}],"wp:attachment":[{"href":"https:\/\/joaquinamenabar.com\/de\/wp-json\/wp\/v2\/media?parent=2256"}],"curies":[{"name":"wp","href":"https:\/\/api.w.org\/{rel}","templated":true}]}}