{"id":1541,"date":"2019-09-10T04:00:39","date_gmt":"2019-09-10T07:00:39","guid":{"rendered":"https:\/\/joaquinamenabar.com\/?page_id=1541"},"modified":"2021-12-23T04:42:53","modified_gmt":"2021-12-23T07:42:53","slug":"professor","status":"publish","type":"page","link":"https:\/\/joaquinamenabar.com\/es\/joaquin\/professor\/","title":{"rendered":"Profesor"},"content":{"rendered":"<img loading=\"lazy\" decoding=\"async\" class=\"aligncenter size-full wp-image-1544\" src=\"https:\/\/joaquinamenabar.com\/wp-content\/uploads\/Joaquin-Amenabar-in-class.jpg\" alt=\"Joaquin Amenabar in class\" width=\"630\" height=\"440\" srcset=\"https:\/\/joaquinamenabar.com\/wp-content\/uploads\/Joaquin-Amenabar-in-class.jpg 630w, https:\/\/joaquinamenabar.com\/wp-content\/uploads\/Joaquin-Amenabar-in-class-250x175.jpg 250w, https:\/\/joaquinamenabar.com\/wp-content\/uploads\/Joaquin-Amenabar-in-class-300x210.jpg 300w\" sizes=\"auto, (max-width: 630px) 100vw, 630px\" \/><br \/>\n \tJoaqu\u00edn Amen\u00e1bar estudi\u00f3 bandone\u00f3n con Rodolfo Daluisio en el Conservatorio Municipal de M\u00fasica Manuel de Falla de la ciudad de Buenos Aires, Argentina, de donde egres\u00f3 con t\u00edtulo de Profesor Art\u00edstico de Bandone\u00f3n.<\/p>\n<ul>\n<li>Ha sido profesor de bandone\u00f3n en el Conservatorio Nacional Lopez Buchardo del Instituto Universitario Nacional de ARte y en el Conservatorio Municipal Superior de M\u00fasica Manuel de Falla de la Ciudad de Buenos Aires.<\/li>\n<li>Ha sido tambi\u00e9n profesor de bandone\u00f3n en la Escuela de M\u00fasica Popular de Avellaneda de la Provincia de Buenos Aires.<\/li>\n<li>Amen\u00e1bar da clases grupales de interpretaci\u00f3n de tango en orquesta. Se ejercita el Estilo del Tango en orquesta T\u00edpica, trabajando sobre arreglos y grabaciones de su\u00a0&#8220;Orquesta T\u00edpica de la Guardia Vieja&#8221;\u00a0y de otras orquestas. Tambi\u00e9n dicta clases sobre el instrumento, su uso, disposici\u00f3n del teclado y maneras de escribir m\u00fasica para el bandone\u00f3n en cursos para compositores y arregladores<\/li>\n<\/ul>","protected":false},"excerpt":{"rendered":"<p>Joaqu\u00edn Amen\u00e1bar estudi\u00f3 bandone\u00f3n con Rodolfo Daluisio en el Conservatorio Municipal de M\u00fasica Manuel de Falla de la ciudad de Buenos Aires, Argentina, de donde egres\u00f3 con t\u00edtulo de Profesor Art\u00edstico de Bandone\u00f3n. Ha sido profesor de bandone\u00f3n en el &hellip; <a class=\"kt-excerpt-readmore\" href=\"https:\/\/joaquinamenabar.com\/es\/joaquin\/professor\/\" aria-label=\"Profesor\">Leer m&aacute;s<\/a><\/p>\n","protected":false},"author":1,"featured_media":0,"parent":1778,"menu_order":1,"comment_status":"closed","ping_status":"closed","template":"page-fullwidth.php","meta":{"nf_dc_page":"","footnotes":""},"class_list":["post-1541","page","type-page","status-publish","hentry"],"_links":{"self":[{"href":"https:\/\/joaquinamenabar.com\/es\/wp-json\/wp\/v2\/pages\/1541","targetHints":{"allow":["GET"]}}],"collection":[{"href":"https:\/\/joaquinamenabar.com\/es\/wp-json\/wp\/v2\/pages"}],"about":[{"href":"https:\/\/joaquinamenabar.com\/es\/wp-json\/wp\/v2\/types\/page"}],"author":[{"embeddable":true,"href":"https:\/\/joaquinamenabar.com\/es\/wp-json\/wp\/v2\/users\/1"}],"replies":[{"embeddable":true,"href":"https:\/\/joaquinamenabar.com\/es\/wp-json\/wp\/v2\/comments?post=1541"}],"version-history":[{"count":23,"href":"https:\/\/joaquinamenabar.com\/es\/wp-json\/wp\/v2\/pages\/1541\/revisions"}],"predecessor-version":[{"id":5080,"href":"https:\/\/joaquinamenabar.com\/es\/wp-json\/wp\/v2\/pages\/1541\/revisions\/5080"}],"up":[{"embeddable":true,"href":"https:\/\/joaquinamenabar.com\/es\/wp-json\/wp\/v2\/pages\/1778"}],"wp:attachment":[{"href":"https:\/\/joaquinamenabar.com\/es\/wp-json\/wp\/v2\/media?parent=1541"}],"curies":[{"name":"wp","href":"https:\/\/api.w.org\/{rel}","templated":true}]}}