{"id":1548,"date":"2019-09-10T04:04:20","date_gmt":"2019-09-10T07:04:20","guid":{"rendered":"https:\/\/joaquinamenabar.com\/?page_id=1548"},"modified":"2021-12-23T04:40:44","modified_gmt":"2021-12-23T07:40:44","slug":"director","status":"publish","type":"page","link":"https:\/\/joaquinamenabar.com\/es\/joaquin\/director\/","title":{"rendered":"Director"},"content":{"rendered":"<img loading=\"lazy\" decoding=\"async\" class=\"aligncenter size-full wp-image-1551\" src=\"https:\/\/joaquinamenabar.com\/wp-content\/uploads\/direcg6.jpg\" alt=\"Director\" width=\"650\" height=\"488\" srcset=\"https:\/\/joaquinamenabar.com\/wp-content\/uploads\/direcg6.jpg 650w, https:\/\/joaquinamenabar.com\/wp-content\/uploads\/direcg6-250x188.jpg 250w, https:\/\/joaquinamenabar.com\/wp-content\/uploads\/direcg6-300x225.jpg 300w\" sizes=\"auto, (max-width: 650px) 100vw, 650px\" \/><br \/>\n \tJoaqu\u00edn Amen\u00e1bar form\u00f3 su\u00a0&#8220;Orquesta T\u00edpica de la Guardia Vieja&#8221;\u00a0con sus alumnos de bandone\u00f3n. Trabaj\u00f3 luego con el resto de los m\u00fasicos hasta conformar el total de la orquesta de la cual es director y primer bandone\u00f3n.<\/p>\n<ul>\n<li>Ha dado seminarios de orquestaci\u00f3n, arreglos y composici\u00f3n de tangos en diversas ciudades del mundo (Chicago, Berl\u00edn, Stuttgart, M\u00fcnchen, Canberra, Wellington, Auckland, Christchurch, etc.).<\/li>\n<\/ul>","protected":false},"excerpt":{"rendered":"<p>Joaqu\u00edn Amen\u00e1bar form\u00f3 su\u00a0&#8220;Orquesta T\u00edpica de la Guardia Vieja&#8221;\u00a0con sus alumnos de bandone\u00f3n. Trabaj\u00f3 luego con el resto de los m\u00fasicos hasta conformar el total de la orquesta de la cual es director y primer bandone\u00f3n. Ha dado seminarios de &hellip; <a class=\"kt-excerpt-readmore\" href=\"https:\/\/joaquinamenabar.com\/es\/joaquin\/director\/\" aria-label=\"Director\">Leer m&aacute;s<\/a><\/p>\n","protected":false},"author":1,"featured_media":0,"parent":1778,"menu_order":2,"comment_status":"closed","ping_status":"closed","template":"page-fullwidth.php","meta":{"nf_dc_page":"","footnotes":""},"class_list":["post-1548","page","type-page","status-publish","hentry"],"_links":{"self":[{"href":"https:\/\/joaquinamenabar.com\/es\/wp-json\/wp\/v2\/pages\/1548","targetHints":{"allow":["GET"]}}],"collection":[{"href":"https:\/\/joaquinamenabar.com\/es\/wp-json\/wp\/v2\/pages"}],"about":[{"href":"https:\/\/joaquinamenabar.com\/es\/wp-json\/wp\/v2\/types\/page"}],"author":[{"embeddable":true,"href":"https:\/\/joaquinamenabar.com\/es\/wp-json\/wp\/v2\/users\/1"}],"replies":[{"embeddable":true,"href":"https:\/\/joaquinamenabar.com\/es\/wp-json\/wp\/v2\/comments?post=1548"}],"version-history":[{"count":14,"href":"https:\/\/joaquinamenabar.com\/es\/wp-json\/wp\/v2\/pages\/1548\/revisions"}],"predecessor-version":[{"id":5079,"href":"https:\/\/joaquinamenabar.com\/es\/wp-json\/wp\/v2\/pages\/1548\/revisions\/5079"}],"up":[{"embeddable":true,"href":"https:\/\/joaquinamenabar.com\/es\/wp-json\/wp\/v2\/pages\/1778"}],"wp:attachment":[{"href":"https:\/\/joaquinamenabar.com\/es\/wp-json\/wp\/v2\/media?parent=1548"}],"curies":[{"name":"wp","href":"https:\/\/api.w.org\/{rel}","templated":true}]}}