{"id":1553,"date":"2019-09-10T04:08:32","date_gmt":"2019-09-10T07:08:32","guid":{"rendered":"https:\/\/joaquinamenabar.com\/?page_id=1553"},"modified":"2021-12-23T04:45:14","modified_gmt":"2021-12-23T07:45:14","slug":"ejecutante","status":"publish","type":"page","link":"https:\/\/joaquinamenabar.com\/es\/joaquin\/ejecutante\/","title":{"rendered":"Int\u00e9rprete"},"content":{"rendered":"<img loading=\"lazy\" decoding=\"async\" class=\"aligncenter size-full wp-image-3531\" src=\"https:\/\/joaquinamenabar.com\/wp-content\/uploads\/Perfomer.jpg\" alt=\"\" width=\"482\" height=\"720\" srcset=\"https:\/\/joaquinamenabar.com\/wp-content\/uploads\/Perfomer.jpg 482w, https:\/\/joaquinamenabar.com\/wp-content\/uploads\/Perfomer-250x373.jpg 250w, https:\/\/joaquinamenabar.com\/wp-content\/uploads\/Perfomer-350x523.jpg 350w, https:\/\/joaquinamenabar.com\/wp-content\/uploads\/Perfomer-150x224.jpg 150w\" sizes=\"auto, (max-width: 482px) 100vw, 482px\" \/><\/p>\n<p> \tJoaqu\u00edn Amen\u00e1bar da conciertos como solista de bandon\u00e9on en diversos pa\u00edses con un variado repertorio de m\u00fasica clasica, contempor\u00e1nea y de tango. Ha tocado conciertos de Bandone\u00f3n en San Francisco, Chicago, Istanbul, Australia, New Zealand, Italia, Alemania, Inglaterra entre otros pa\u00edses. <\/p>\n<ul>\n<li> Joaqu\u00edn Amen\u00e1bar toc\u00f3 en el concierto de los 250 a\u00f1os de la muerte de J.S.Bach en el festival Ravinia, Chicago en Junio de 2000. En Octubre de 2002 toco el estreno mundial de la obra para \u00f3rgano y bandone\u00f3n de Rodolfo Daluisio \u201cEleg\u00eda Porte\u00f1a\u201d en el festival de bandoen\u00f3n de Kreffeld, Alemania<\/li>\n<li>Ha sido director y primer bandone\u00f3n de la Orquesta Tipica de la Guardia Vieja ejecutando con la misma un repertorio de tangos tradicionales.<\/li>\n<\/ul>","protected":false},"excerpt":{"rendered":"<p>Joaqu\u00edn Amen\u00e1bar da conciertos como solista de bandon\u00e9on en diversos pa\u00edses con un variado repertorio de m\u00fasica clasica, contempor\u00e1nea y de tango. Ha tocado conciertos de Bandone\u00f3n en San Francisco, Chicago, Istanbul, Australia, New Zealand, Italia, Alemania, Inglaterra entre otros &hellip; <a class=\"kt-excerpt-readmore\" href=\"https:\/\/joaquinamenabar.com\/es\/joaquin\/ejecutante\/\" aria-label=\"Int\u00e9rprete\">Leer m&aacute;s<\/a><\/p>\n","protected":false},"author":1,"featured_media":0,"parent":1778,"menu_order":3,"comment_status":"closed","ping_status":"closed","template":"page-fullwidth.php","meta":{"nf_dc_page":"","footnotes":""},"class_list":["post-1553","page","type-page","status-publish","hentry"],"_links":{"self":[{"href":"https:\/\/joaquinamenabar.com\/es\/wp-json\/wp\/v2\/pages\/1553","targetHints":{"allow":["GET"]}}],"collection":[{"href":"https:\/\/joaquinamenabar.com\/es\/wp-json\/wp\/v2\/pages"}],"about":[{"href":"https:\/\/joaquinamenabar.com\/es\/wp-json\/wp\/v2\/types\/page"}],"author":[{"embeddable":true,"href":"https:\/\/joaquinamenabar.com\/es\/wp-json\/wp\/v2\/users\/1"}],"replies":[{"embeddable":true,"href":"https:\/\/joaquinamenabar.com\/es\/wp-json\/wp\/v2\/comments?post=1553"}],"version-history":[{"count":22,"href":"https:\/\/joaquinamenabar.com\/es\/wp-json\/wp\/v2\/pages\/1553\/revisions"}],"predecessor-version":[{"id":5081,"href":"https:\/\/joaquinamenabar.com\/es\/wp-json\/wp\/v2\/pages\/1553\/revisions\/5081"}],"up":[{"embeddable":true,"href":"https:\/\/joaquinamenabar.com\/es\/wp-json\/wp\/v2\/pages\/1778"}],"wp:attachment":[{"href":"https:\/\/joaquinamenabar.com\/es\/wp-json\/wp\/v2\/media?parent=1553"}],"curies":[{"name":"wp","href":"https:\/\/api.w.org\/{rel}","templated":true}]}}