{"id":1560,"date":"2019-09-10T04:13:23","date_gmt":"2019-09-10T07:13:23","guid":{"rendered":"https:\/\/joaquinamenabar.com\/?page_id=1560"},"modified":"2022-10-28T06:37:21","modified_gmt":"2022-10-28T09:37:21","slug":"afinacion","status":"publish","type":"page","link":"https:\/\/joaquinamenabar.com\/es\/joaquin\/afinacion\/","title":{"rendered":"Afinaci\u00f3n"},"content":{"rendered":"<img loading=\"lazy\" decoding=\"async\" src=\"https:\/\/joaquinamenabar.com\/wp-content\/uploads\/afinag-545.jpg\" alt=\"\" width=\"545\" height=\"545\" class=\"aligncenter size-full wp-image-2406\" srcset=\"https:\/\/joaquinamenabar.com\/wp-content\/uploads\/afinag-545.jpg 545w, https:\/\/joaquinamenabar.com\/wp-content\/uploads\/afinag-545-250x250.jpg 250w, https:\/\/joaquinamenabar.com\/wp-content\/uploads\/afinag-545-100x100.jpg 100w, https:\/\/joaquinamenabar.com\/wp-content\/uploads\/afinag-545-150x150.jpg 150w, https:\/\/joaquinamenabar.com\/wp-content\/uploads\/afinag-545-350x350.jpg 350w\" sizes=\"auto, (max-width: 545px) 100vw, 545px\" \/><br \/>\n \tParalelamente a su labor de ejecutante y docente de bandone\u00f3n, Joaqu\u00edn Amen\u00e1bar desempe\u00f1a una importante labor como afinador y mec\u00e1nico de su instrumento, habiendo sido disc\u00edpulo del afinador alem\u00e1n radicado en la argentina, Jorge Wekkesser, &#8220;El Alem\u00e1n de Barracas&#8221; en cuyo taller trabaj\u00f3 en afinaci\u00f3n, mec\u00e1nica y fabricaci\u00f3n de fuelles.<\/p>\n<ul>\n<li>Fue invitado a compartir sus experiencias de afinador y t\u00e9cinico del instrumento por el Institut f\u00fcr Musikinstrumentenbau de Zwota, Klingenthal en Enero de 2001 en el que se realiza la tarea de investigaci\u00f3n para la refabricaci\u00f3n del bandone\u00f3n de Carlsfeld, donde funcion\u00f3 la f\u00e1brica de Alfred Arnold.<\/li>\n<li>Dicta conferencias y clases abiertas sobre el bandone\u00f3n, la evoluci\u00f3n del modelo a partir de la concertina, evoluci\u00f3n del teclado, metodos de aprendizaje, etc.<\/li>\n<\/ul>","protected":false},"excerpt":{"rendered":"<p>Paralelamente a su labor de ejecutante y docente de bandone\u00f3n, Joaqu\u00edn Amen\u00e1bar desempe\u00f1a una importante labor como afinador y mec\u00e1nico de su instrumento, habiendo sido disc\u00edpulo del afinador alem\u00e1n radicado en la argentina, Jorge Wekkesser, &#8220;El Alem\u00e1n de Barracas&#8221; en &hellip; <a class=\"kt-excerpt-readmore\" href=\"https:\/\/joaquinamenabar.com\/es\/joaquin\/afinacion\/\" aria-label=\"Afinaci\u00f3n\">Leer m&aacute;s<\/a><\/p>\n","protected":false},"author":1,"featured_media":0,"parent":1778,"menu_order":4,"comment_status":"closed","ping_status":"closed","template":"page-fullwidth.php","meta":{"nf_dc_page":"","footnotes":""},"class_list":["post-1560","page","type-page","status-publish","hentry"],"_links":{"self":[{"href":"https:\/\/joaquinamenabar.com\/es\/wp-json\/wp\/v2\/pages\/1560","targetHints":{"allow":["GET"]}}],"collection":[{"href":"https:\/\/joaquinamenabar.com\/es\/wp-json\/wp\/v2\/pages"}],"about":[{"href":"https:\/\/joaquinamenabar.com\/es\/wp-json\/wp\/v2\/types\/page"}],"author":[{"embeddable":true,"href":"https:\/\/joaquinamenabar.com\/es\/wp-json\/wp\/v2\/users\/1"}],"replies":[{"embeddable":true,"href":"https:\/\/joaquinamenabar.com\/es\/wp-json\/wp\/v2\/comments?post=1560"}],"version-history":[{"count":19,"href":"https:\/\/joaquinamenabar.com\/es\/wp-json\/wp\/v2\/pages\/1560\/revisions"}],"predecessor-version":[{"id":6695,"href":"https:\/\/joaquinamenabar.com\/es\/wp-json\/wp\/v2\/pages\/1560\/revisions\/6695"}],"up":[{"embeddable":true,"href":"https:\/\/joaquinamenabar.com\/es\/wp-json\/wp\/v2\/pages\/1778"}],"wp:attachment":[{"href":"https:\/\/joaquinamenabar.com\/es\/wp-json\/wp\/v2\/media?parent=1560"}],"curies":[{"name":"wp","href":"https:\/\/api.w.org\/{rel}","templated":true}]}}