{"id":2235,"date":"2019-10-15T02:05:33","date_gmt":"2019-10-15T05:05:33","guid":{"rendered":"https:\/\/joaquinamenabar.com\/?page_id=2235"},"modified":"2020-11-22T16:15:21","modified_gmt":"2020-11-22T19:15:21","slug":"orquesta","status":"publish","type":"page","link":"https:\/\/joaquinamenabar.com\/es\/joaquin\/orquesta\/","title":{"rendered":"Orquesta"},"content":{"rendered":"<img loading=\"lazy\" decoding=\"async\" class=\"aligncenter size-full wp-image-3538\" src=\"https:\/\/joaquinamenabar.com\/wp-content\/uploads\/Foto-internet-mas-grande.jpg\" alt=\"\" width=\"450\" height=\"270\" srcset=\"https:\/\/joaquinamenabar.com\/wp-content\/uploads\/Foto-internet-mas-grande.jpg 450w, https:\/\/joaquinamenabar.com\/wp-content\/uploads\/Foto-internet-mas-grande-250x150.jpg 250w, https:\/\/joaquinamenabar.com\/wp-content\/uploads\/Foto-internet-mas-grande-350x210.jpg 350w, https:\/\/joaquinamenabar.com\/wp-content\/uploads\/Foto-internet-mas-grande-150x90.jpg 150w\" sizes=\"auto, (max-width: 450px) 100vw, 450px\" \/><\/p>\n<p>En el a\u00f1o 2000 Joaqu\u00edn Amen\u00e1bar crea su orquesta de tango \u201cOrquesta T\u00edpica de la Guardia Vieja\u201d, una orquesta de tango tradicional con 4 bandoneones, 4 violines, piano y contrabajo, de la cual los bandoneones eran sus alumnos de bandone\u00f3n del Conservatorio Superior de M\u00fasica de Buenos Aires, siendo el resto de m\u00fasicos m\u00fasicos profesionales. <\/p>\n<ul>\n<li>El objetivo del proyecto era brindar a los alumnos de bandone\u00f3n la posibilidad de tocar al estilo de los a\u00f1os 30 y 40 como parte de una orquesta de tango. Pero, el proyecto evolucion\u00f3 m\u00e1s de lo esperado y la orquesta toc\u00f3 en los escenarios m\u00e1s importantes de Buenos Aires, incluyendo teatros, salas de baile, Centro Cultural San Mart\u00edn y la sala de conciertos Market Palace. <\/li>\n<li> La Orquesta gan\u00f3 el primer concurso de Nobles Bares y Caf\u00e9s de Buenos Aires &#8211; uno de los concursos de tango m\u00e1s importantes de Buenos Aires en la Categor\u00eda \u201cOrquestas\u201d. La \u201cOrquesta T\u00edpica de la Guardia Vieja\u201d toc\u00f3 entre 2000 y 2007.<\/li>\n<\/ul>\n<div class=\"row\"> <div class=\"col-md-6  \">\n<p> <div class=\"kad-youtube-shortcode videofit\" style=\"max-width:450px;\" ><iframe loading=\"lazy\" width=\"300\" height=\"200\" src=\"https:\/\/www.youtube.com\/embed\/QAs2VfksQtY?autoplay=0&controls=1&fs=1&modestbranding=0&theme=dark&rel=0&loop=0&showinfo=1\" frameborder=\"0\" allowfullscreen=\"true\"><\/iframe><\/div><\/div><div class=\"col-md-6  \"> <\/p>\n<div class=\"kad-youtube-shortcode videofit\" style=\"max-width:450px;\" ><iframe loading=\"lazy\" width=\"300\" height=\"200\" src=\"https:\/\/www.youtube.com\/embed\/PKH3zY7iTlQ?autoplay=0&controls=1&fs=1&modestbranding=0&theme=dark&rel=0&loop=0&showinfo=1\" frameborder=\"0\" allowfullscreen=\"true\"><\/iframe><\/div><\/div>\n<\/div>","protected":false},"excerpt":{"rendered":"<p>En el a\u00f1o 2000 Joaqu\u00edn Amen\u00e1bar crea su orquesta de tango \u201cOrquesta T\u00edpica de la Guardia Vieja\u201d, una orquesta de tango tradicional con 4 bandoneones, 4 violines, piano y contrabajo, de la cual los bandoneones eran sus alumnos de bandone\u00f3n &hellip; <a class=\"kt-excerpt-readmore\" href=\"https:\/\/joaquinamenabar.com\/es\/joaquin\/orquesta\/\" aria-label=\"Orquesta\">Leer m&aacute;s<\/a><\/p>\n","protected":false},"author":1,"featured_media":0,"parent":1778,"menu_order":5,"comment_status":"closed","ping_status":"closed","template":"page-fullwidth.php","meta":{"nf_dc_page":"","footnotes":""},"class_list":["post-2235","page","type-page","status-publish","hentry"],"_links":{"self":[{"href":"https:\/\/joaquinamenabar.com\/es\/wp-json\/wp\/v2\/pages\/2235","targetHints":{"allow":["GET"]}}],"collection":[{"href":"https:\/\/joaquinamenabar.com\/es\/wp-json\/wp\/v2\/pages"}],"about":[{"href":"https:\/\/joaquinamenabar.com\/es\/wp-json\/wp\/v2\/types\/page"}],"author":[{"embeddable":true,"href":"https:\/\/joaquinamenabar.com\/es\/wp-json\/wp\/v2\/users\/1"}],"replies":[{"embeddable":true,"href":"https:\/\/joaquinamenabar.com\/es\/wp-json\/wp\/v2\/comments?post=2235"}],"version-history":[{"count":28,"href":"https:\/\/joaquinamenabar.com\/es\/wp-json\/wp\/v2\/pages\/2235\/revisions"}],"predecessor-version":[{"id":4788,"href":"https:\/\/joaquinamenabar.com\/es\/wp-json\/wp\/v2\/pages\/2235\/revisions\/4788"}],"up":[{"embeddable":true,"href":"https:\/\/joaquinamenabar.com\/es\/wp-json\/wp\/v2\/pages\/1778"}],"wp:attachment":[{"href":"https:\/\/joaquinamenabar.com\/es\/wp-json\/wp\/v2\/media?parent=2235"}],"curies":[{"name":"wp","href":"https:\/\/api.w.org\/{rel}","templated":true}]}}