{"id":1541,"date":"2019-09-10T04:00:39","date_gmt":"2019-09-10T07:00:39","guid":{"rendered":"https:\/\/joaquinamenabar.com\/?page_id=1541"},"modified":"2021-12-23T04:42:53","modified_gmt":"2021-12-23T07:42:53","slug":"professor","status":"publish","type":"page","link":"https:\/\/joaquinamenabar.com\/fr\/joaquin\/professor\/","title":{"rendered":"Professeur"},"content":{"rendered":"<img loading=\"lazy\" decoding=\"async\" class=\"aligncenter size-full wp-image-1544\" src=\"https:\/\/joaquinamenabar.com\/wp-content\/uploads\/Joaquin-Amenabar-in-class.jpg\" alt=\"Joaquin Amenabar in class\" width=\"630\" height=\"440\" srcset=\"https:\/\/joaquinamenabar.com\/wp-content\/uploads\/Joaquin-Amenabar-in-class.jpg 630w, https:\/\/joaquinamenabar.com\/wp-content\/uploads\/Joaquin-Amenabar-in-class-250x175.jpg 250w, https:\/\/joaquinamenabar.com\/wp-content\/uploads\/Joaquin-Amenabar-in-class-300x210.jpg 300w\" sizes=\"auto, (max-width: 630px) 100vw, 630px\" \/><br \/>\n \tJoaqu\u00edn Amen\u00e1bar a \u00e9tudi\u00e9 Bandone\u00f3n avec Rodolfo Daluisio  dans le Conservatoire Superieur de Musique de la Cit\u00e9 de Buenos Aires &#8220;Manuel de Falla&#8221; ou il a obtenu son diplome de Professeur Superieur de Bandone\u00f3n.<\/p>\n<ul>\n<li>Il a enseign\u00e9 Bandone\u00f3n dans le Conservatoire National &#8220;Lopez Buchardo&#8221; de la Universit\u00e9 Nationale d&#8217;Arts , dans le Conservatoire Superieur de Musique de la cit\u00e9 de Buenos Aires &#8220;Manuel de Falla&#8221; et aussi dans l&#8217;\u00c9cole de musique populaire de Avellaneda<\/li>\n<li>Joaqu\u00edn Amen\u00e1bar forme des groupes de tango et de musiciens solistes sur l&#8217;interpr\u00e9tation et les arrangemnents de tango, et aussi au compositeurs comment \u00e9crire pour Bandone\u00f3n. <\/li>\n<\/ul>","protected":false},"excerpt":{"rendered":"<p>Joaqu\u00edn Amen\u00e1bar a \u00e9tudi\u00e9 Bandone\u00f3n avec Rodolfo Daluisio dans le Conservatoire Superieur de Musique de la Cit\u00e9 de Buenos Aires &#8220;Manuel de Falla&#8221; ou il a obtenu son diplome de Professeur Superieur de Bandone\u00f3n. Il a enseign\u00e9 Bandone\u00f3n dans le &hellip; <a class=\"kt-excerpt-readmore\" href=\"https:\/\/joaquinamenabar.com\/fr\/joaquin\/professor\/\" aria-label=\"Professeur\">Lire la suite<\/a><\/p>\n","protected":false},"author":1,"featured_media":0,"parent":1778,"menu_order":1,"comment_status":"closed","ping_status":"closed","template":"page-fullwidth.php","meta":{"nf_dc_page":"","footnotes":""},"class_list":["post-1541","page","type-page","status-publish","hentry"],"_links":{"self":[{"href":"https:\/\/joaquinamenabar.com\/fr\/wp-json\/wp\/v2\/pages\/1541","targetHints":{"allow":["GET"]}}],"collection":[{"href":"https:\/\/joaquinamenabar.com\/fr\/wp-json\/wp\/v2\/pages"}],"about":[{"href":"https:\/\/joaquinamenabar.com\/fr\/wp-json\/wp\/v2\/types\/page"}],"author":[{"embeddable":true,"href":"https:\/\/joaquinamenabar.com\/fr\/wp-json\/wp\/v2\/users\/1"}],"replies":[{"embeddable":true,"href":"https:\/\/joaquinamenabar.com\/fr\/wp-json\/wp\/v2\/comments?post=1541"}],"version-history":[{"count":23,"href":"https:\/\/joaquinamenabar.com\/fr\/wp-json\/wp\/v2\/pages\/1541\/revisions"}],"predecessor-version":[{"id":5080,"href":"https:\/\/joaquinamenabar.com\/fr\/wp-json\/wp\/v2\/pages\/1541\/revisions\/5080"}],"up":[{"embeddable":true,"href":"https:\/\/joaquinamenabar.com\/fr\/wp-json\/wp\/v2\/pages\/1778"}],"wp:attachment":[{"href":"https:\/\/joaquinamenabar.com\/fr\/wp-json\/wp\/v2\/media?parent=1541"}],"curies":[{"name":"wp","href":"https:\/\/api.w.org\/{rel}","templated":true}]}}