{"id":1548,"date":"2019-09-10T04:04:20","date_gmt":"2019-09-10T07:04:20","guid":{"rendered":"https:\/\/joaquinamenabar.com\/?page_id=1548"},"modified":"2021-12-23T04:40:44","modified_gmt":"2021-12-23T07:40:44","slug":"director","status":"publish","type":"page","link":"https:\/\/joaquinamenabar.com\/fr\/joaquin\/director\/","title":{"rendered":"Chef d&#8217;orchestre"},"content":{"rendered":"<img loading=\"lazy\" decoding=\"async\" class=\"aligncenter size-full wp-image-1551\" src=\"https:\/\/joaquinamenabar.com\/wp-content\/uploads\/direcg6.jpg\" alt=\"Director\" width=\"650\" height=\"488\" srcset=\"https:\/\/joaquinamenabar.com\/wp-content\/uploads\/direcg6.jpg 650w, https:\/\/joaquinamenabar.com\/wp-content\/uploads\/direcg6-250x188.jpg 250w, https:\/\/joaquinamenabar.com\/wp-content\/uploads\/direcg6-300x225.jpg 300w\" sizes=\"auto, (max-width: 650px) 100vw, 650px\" \/><br \/>\n \tJoaqu\u00edn Amen\u00e1bar a form\u00e9 son  &#8220;Orquesta T\u00edpica de la Guardia Vieja&#8221; avec ses \u00e9l\u00e8ves de bandon\u00e9on du Conservatoire de la Cit\u00e9 de Buenos Aires. Il a ensuite travaill\u00e9 avec le reste des musiciens jusqu&#8217;\u00e0 former l&#8217;ensemble de l&#8217;orchestre dont il est directeur et premier bandon\u00e9on.<\/p>\n<ul>\n<li>Il a donn\u00e9 des s\u00e9minaires sur l&#8217;orchestration, les arrangements et la composition de tango dans diverses cit\u00e9s du monde &#8211; Chicago, Berlin, Stuttgart, Munich, Canberra, Wellington, Auckland, Christchurch, etc.<\/li>\n<\/ul>","protected":false},"excerpt":{"rendered":"<p>Joaqu\u00edn Amen\u00e1bar a form\u00e9 son &#8220;Orquesta T\u00edpica de la Guardia Vieja&#8221; avec ses \u00e9l\u00e8ves de bandon\u00e9on du Conservatoire de la Cit\u00e9 de Buenos Aires. Il a ensuite travaill\u00e9 avec le reste des musiciens jusqu&#8217;\u00e0 former l&#8217;ensemble de l&#8217;orchestre dont il &hellip; <a class=\"kt-excerpt-readmore\" href=\"https:\/\/joaquinamenabar.com\/fr\/joaquin\/director\/\" aria-label=\"Chef d&#8217;orchestre\">Lire la suite<\/a><\/p>\n","protected":false},"author":1,"featured_media":0,"parent":1778,"menu_order":2,"comment_status":"closed","ping_status":"closed","template":"page-fullwidth.php","meta":{"nf_dc_page":"","footnotes":""},"class_list":["post-1548","page","type-page","status-publish","hentry"],"_links":{"self":[{"href":"https:\/\/joaquinamenabar.com\/fr\/wp-json\/wp\/v2\/pages\/1548","targetHints":{"allow":["GET"]}}],"collection":[{"href":"https:\/\/joaquinamenabar.com\/fr\/wp-json\/wp\/v2\/pages"}],"about":[{"href":"https:\/\/joaquinamenabar.com\/fr\/wp-json\/wp\/v2\/types\/page"}],"author":[{"embeddable":true,"href":"https:\/\/joaquinamenabar.com\/fr\/wp-json\/wp\/v2\/users\/1"}],"replies":[{"embeddable":true,"href":"https:\/\/joaquinamenabar.com\/fr\/wp-json\/wp\/v2\/comments?post=1548"}],"version-history":[{"count":14,"href":"https:\/\/joaquinamenabar.com\/fr\/wp-json\/wp\/v2\/pages\/1548\/revisions"}],"predecessor-version":[{"id":5079,"href":"https:\/\/joaquinamenabar.com\/fr\/wp-json\/wp\/v2\/pages\/1548\/revisions\/5079"}],"up":[{"embeddable":true,"href":"https:\/\/joaquinamenabar.com\/fr\/wp-json\/wp\/v2\/pages\/1778"}],"wp:attachment":[{"href":"https:\/\/joaquinamenabar.com\/fr\/wp-json\/wp\/v2\/media?parent=1548"}],"curies":[{"name":"wp","href":"https:\/\/api.w.org\/{rel}","templated":true}]}}