{"id":1560,"date":"2019-09-10T04:13:23","date_gmt":"2019-09-10T07:13:23","guid":{"rendered":"https:\/\/joaquinamenabar.com\/?page_id=1560"},"modified":"2022-10-28T06:37:21","modified_gmt":"2022-10-28T09:37:21","slug":"afinacion","status":"publish","type":"page","link":"https:\/\/joaquinamenabar.com\/fr\/joaquin\/afinacion\/","title":{"rendered":"Accordage"},"content":{"rendered":"<img loading=\"lazy\" decoding=\"async\" src=\"https:\/\/joaquinamenabar.com\/wp-content\/uploads\/afinag-545.jpg\" alt=\"\" width=\"545\" height=\"545\" class=\"aligncenter size-full wp-image-2406\" srcset=\"https:\/\/joaquinamenabar.com\/wp-content\/uploads\/afinag-545.jpg 545w, https:\/\/joaquinamenabar.com\/wp-content\/uploads\/afinag-545-250x250.jpg 250w, https:\/\/joaquinamenabar.com\/wp-content\/uploads\/afinag-545-100x100.jpg 100w, https:\/\/joaquinamenabar.com\/wp-content\/uploads\/afinag-545-150x150.jpg 150w, https:\/\/joaquinamenabar.com\/wp-content\/uploads\/afinag-545-350x350.jpg 350w\" sizes=\"auto, (max-width: 545px) 100vw, 545px\" \/><br \/>\n \tParall\u00e8lement \u00e0 son travail de interpr\u00e8te de bandon\u00e9on et de professeur, Joaqu\u00edn Amen\u00e1bar joue un r\u00f4le important en tant qu&#8217;accordeur et m\u00e9canicien de son instrument, ayant \u00e9t\u00e9 un disciple de l&#8217;accordeur allemand vivant en Argentine, Jorge Wekkesser, &#8220;El Alem\u00e1n de Barracas&#8221; dans l&#8217;atelier duquel il a travaill\u00e9 r\u00e9glage, accordage, m\u00e9canique et fabrication de soufflets.<\/p>\n<ul>\n<li>Il a \u00e9t\u00e9 invit\u00e9 \u00e0 partager ses exp\u00e9riences en tant qu&#8217;accordeur et technicien de l&#8217;instrument par l&#8217;Institut f\u00fcr Musikinstrumentenbau de Zwota, Klingenthal en janvier 2001, dans lequel la t\u00e2che de recherche pour la remise \u00e0 neuf du bandon\u00e9on Carlsfeld a \u00e9t\u00e9 effectu\u00e9e, o\u00f9 l&#8217;usine d&#8217;Alfred Arnold a fonctionn\u00e9.<\/li>\n<li>Il donne des conf\u00e9rences et des cours ouverts sur le bandon\u00e9on, l&#8217;\u00e9volution du mod\u00e8le \u00e0 partir du concertina, l&#8217;\u00e9volution du clavier, les m\u00e9thodes d&#8217;apprentissage, etc.<\/li>","protected":false},"excerpt":{"rendered":"<p>Parall\u00e8lement \u00e0 son travail de interpr\u00e8te de bandon\u00e9on et de professeur, Joaqu\u00edn Amen\u00e1bar joue un r\u00f4le important en tant qu&#8217;accordeur et m\u00e9canicien de son instrument, ayant \u00e9t\u00e9 un disciple de l&#8217;accordeur allemand vivant en Argentine, Jorge Wekkesser, &#8220;El Alem\u00e1n de &hellip; <a class=\"kt-excerpt-readmore\" href=\"https:\/\/joaquinamenabar.com\/fr\/joaquin\/afinacion\/\" aria-label=\"Accordage\">Lire la suite<\/a><\/p>\n","protected":false},"author":1,"featured_media":0,"parent":1778,"menu_order":4,"comment_status":"closed","ping_status":"closed","template":"page-fullwidth.php","meta":{"nf_dc_page":"","footnotes":""},"class_list":["post-1560","page","type-page","status-publish","hentry"],"_links":{"self":[{"href":"https:\/\/joaquinamenabar.com\/fr\/wp-json\/wp\/v2\/pages\/1560","targetHints":{"allow":["GET"]}}],"collection":[{"href":"https:\/\/joaquinamenabar.com\/fr\/wp-json\/wp\/v2\/pages"}],"about":[{"href":"https:\/\/joaquinamenabar.com\/fr\/wp-json\/wp\/v2\/types\/page"}],"author":[{"embeddable":true,"href":"https:\/\/joaquinamenabar.com\/fr\/wp-json\/wp\/v2\/users\/1"}],"replies":[{"embeddable":true,"href":"https:\/\/joaquinamenabar.com\/fr\/wp-json\/wp\/v2\/comments?post=1560"}],"version-history":[{"count":19,"href":"https:\/\/joaquinamenabar.com\/fr\/wp-json\/wp\/v2\/pages\/1560\/revisions"}],"predecessor-version":[{"id":6695,"href":"https:\/\/joaquinamenabar.com\/fr\/wp-json\/wp\/v2\/pages\/1560\/revisions\/6695"}],"up":[{"embeddable":true,"href":"https:\/\/joaquinamenabar.com\/fr\/wp-json\/wp\/v2\/pages\/1778"}],"wp:attachment":[{"href":"https:\/\/joaquinamenabar.com\/fr\/wp-json\/wp\/v2\/media?parent=1560"}],"curies":[{"name":"wp","href":"https:\/\/api.w.org\/{rel}","templated":true}]}}