{"id":1614,"date":"2019-09-12T21:40:03","date_gmt":"2019-09-12T21:40:03","guid":{"rendered":"https:\/\/joaquinamenabar.com\/checkout\/"},"modified":"2025-12-14T05:42:01","modified_gmt":"2025-12-13T16:42:01","slug":"checkout-2","status":"publish","type":"page","link":"https:\/\/joaquinamenabar.com\/fr\/shop-books-ebooks\/shop\/checkout-2\/","title":{"rendered":"Check-out"},"content":{"rendered":"<p><strong><span style=\"color: #ff0000;\">IMPORTANT<\/span> <\/strong><\/p>\r\n<p><strong>Les \u00e9tapes \u00e0 suivre pour finaliser votre commande et t\u00e9l\u00e9charger l&#8217;eBook sont les suivantes :<\/strong><\/p>\r\n<ol>\r\n<li><strong>\u00a0Remplissez tous les d\u00e9tails concernant l&#8217;acheteur et l&#8217;achat sur la page \u00ab Check Out \u00bb (Passer \u00e0 la caisse)<\/strong><\/li>\r\n<li><strong>\u00a0Cliquez sur le bouton \u00ab View Cart \u00bb (Voir le panier).<\/strong><\/li>\r\n<li><strong>\u00a0Finalisez l&#8217;achat.<\/strong><\/li>\r\n<li><strong>\u00a0Cliquez sur <span style=\"color: #ff0000;\">la case blanche avec les mots en noir \u00ab CLICK HERE TO DOWNLOAD eBook \u00bb (Cliquez ici pour t\u00e9l\u00e9charger l&#8217;eBook)<\/span>\u00a0pour t\u00e9l\u00e9charger le livre.<\/strong><br \/>\u00a0<\/li>\r\n<\/ol>\r\n<div class=\"woocommerce\"><\/div>\n\r\n<p><strong>IMPORTANT: veuillez limiter votre achat \u00e0 un produit par adresse e-mail.<\/strong><\/p>","protected":false},"excerpt":{"rendered":"<p>IMPORTANT Les \u00e9tapes \u00e0 suivre pour finaliser votre commande et t\u00e9l\u00e9charger l&#8217;eBook sont les suivantes : \u00a0Remplissez tous les d\u00e9tails concernant l&#8217;acheteur et l&#8217;achat sur la page \u00ab Check Out \u00bb (Passer \u00e0 la caisse) \u00a0Cliquez sur le bouton \u00ab &hellip; <a class=\"kt-excerpt-readmore\" href=\"https:\/\/joaquinamenabar.com\/fr\/shop-books-ebooks\/shop\/checkout-2\/\" aria-label=\"Check-out\">Lire la suite<\/a><\/p>\n","protected":false},"author":1,"featured_media":0,"parent":1612,"menu_order":2,"comment_status":"closed","ping_status":"closed","template":"","meta":{"nf_dc_page":"","footnotes":""},"class_list":["post-1614","page","type-page","status-publish","hentry"],"_links":{"self":[{"href":"https:\/\/joaquinamenabar.com\/fr\/wp-json\/wp\/v2\/pages\/1614","targetHints":{"allow":["GET"]}}],"collection":[{"href":"https:\/\/joaquinamenabar.com\/fr\/wp-json\/wp\/v2\/pages"}],"about":[{"href":"https:\/\/joaquinamenabar.com\/fr\/wp-json\/wp\/v2\/types\/page"}],"author":[{"embeddable":true,"href":"https:\/\/joaquinamenabar.com\/fr\/wp-json\/wp\/v2\/users\/1"}],"replies":[{"embeddable":true,"href":"https:\/\/joaquinamenabar.com\/fr\/wp-json\/wp\/v2\/comments?post=1614"}],"version-history":[{"count":6,"href":"https:\/\/joaquinamenabar.com\/fr\/wp-json\/wp\/v2\/pages\/1614\/revisions"}],"predecessor-version":[{"id":17231,"href":"https:\/\/joaquinamenabar.com\/fr\/wp-json\/wp\/v2\/pages\/1614\/revisions\/17231"}],"up":[{"embeddable":true,"href":"https:\/\/joaquinamenabar.com\/fr\/wp-json\/wp\/v2\/pages\/1612"}],"wp:attachment":[{"href":"https:\/\/joaquinamenabar.com\/fr\/wp-json\/wp\/v2\/media?parent=1614"}],"curies":[{"name":"wp","href":"https:\/\/api.w.org\/{rel}","templated":true}]}}