{"id":2235,"date":"2019-10-15T02:05:33","date_gmt":"2019-10-15T05:05:33","guid":{"rendered":"https:\/\/joaquinamenabar.com\/?page_id=2235"},"modified":"2020-11-22T16:15:21","modified_gmt":"2020-11-22T19:15:21","slug":"orquesta","status":"publish","type":"page","link":"https:\/\/joaquinamenabar.com\/fr\/joaquin\/orquesta\/","title":{"rendered":"Orchestre"},"content":{"rendered":"<img loading=\"lazy\" decoding=\"async\" class=\"aligncenter size-full wp-image-3538\" src=\"https:\/\/joaquinamenabar.com\/wp-content\/uploads\/Foto-internet-mas-grande.jpg\" alt=\"\" width=\"450\" height=\"270\" srcset=\"https:\/\/joaquinamenabar.com\/wp-content\/uploads\/Foto-internet-mas-grande.jpg 450w, https:\/\/joaquinamenabar.com\/wp-content\/uploads\/Foto-internet-mas-grande-250x150.jpg 250w, https:\/\/joaquinamenabar.com\/wp-content\/uploads\/Foto-internet-mas-grande-350x210.jpg 350w, https:\/\/joaquinamenabar.com\/wp-content\/uploads\/Foto-internet-mas-grande-150x90.jpg 150w\" sizes=\"auto, (max-width: 450px) 100vw, 450px\" \/><\/p>\n<p>Dans l&#8217;ann\u00e9e 2000, Joaqu\u00edn Amen\u00e1bar a cr\u00e9\u00e9 son orchestre de tango &#8220;Orquesta T\u00edpica de la Guardia Vieja&#8221;, un orchestre de tango traditionnel avec 4 bandon\u00e9ons, 4 violons, piano et contrebasse, dont les bandon\u00e9ons \u00e9taient ses \u00e9tudiants de bandon\u00e9on du Conservatoire Sup\u00e9rieur de Musique de Buenos Aires, le reste \u00e9tant des musiciens professionnels. <\/p>\n<ul>\n<li>Le but du projet \u00e9tait d&#8217;offrir aux \u00e9tudiants de bandon\u00e9on la possibilit\u00e9 de jouer dans le style des ann\u00e9es 30 et 40 au sein d&#8217;un orchestre de tango. Mais le projet a \u00e9volu\u00e9 plus que pr\u00e9vu et l&#8217;orchestre a jou\u00e9 dans les lieux les plus importants de Buenos Aires, notamment les th\u00e9\u00e2tres, les salles de danse, le centre culturel San Mart\u00edn et la salle de concert du March\u00e9 du Commerce de Buenos Aires. <\/li>\n<li>Le premier concours des bars et caf\u00e9s nobles de Buenos Aires &#8211; l&#8217;un des plus importants concours de tango de Buenos Aires &#8211; a \u00e9t\u00e9 remport\u00e9 par l&#8217;orchestre dans la cat\u00e9gorie &#8220;Orchestres&#8221;. L &#8216;\u00abOrquesta T\u00edpic de la Guardia Vieja\u00bb a jou\u00e9 entre 2000 et 2007.<\/li>\n<\/ul>\n<div class=\"row\"> <div class=\"col-md-6  \">\n<p> <div class=\"kad-youtube-shortcode videofit\" style=\"max-width:450px;\" ><iframe loading=\"lazy\" width=\"300\" height=\"200\" src=\"https:\/\/www.youtube.com\/embed\/QAs2VfksQtY?autoplay=0&controls=1&fs=1&modestbranding=0&theme=dark&rel=0&loop=0&showinfo=1\" frameborder=\"0\" allowfullscreen=\"true\"><\/iframe><\/div><\/div><div class=\"col-md-6  \"> <\/p>\n<div class=\"kad-youtube-shortcode videofit\" style=\"max-width:450px;\" ><iframe loading=\"lazy\" width=\"300\" height=\"200\" src=\"https:\/\/www.youtube.com\/embed\/PKH3zY7iTlQ?autoplay=0&controls=1&fs=1&modestbranding=0&theme=dark&rel=0&loop=0&showinfo=1\" frameborder=\"0\" allowfullscreen=\"true\"><\/iframe><\/div><\/div>\n<\/div>","protected":false},"excerpt":{"rendered":"<p>Dans l&#8217;ann\u00e9e 2000, Joaqu\u00edn Amen\u00e1bar a cr\u00e9\u00e9 son orchestre de tango &#8220;Orquesta T\u00edpica de la Guardia Vieja&#8221;, un orchestre de tango traditionnel avec 4 bandon\u00e9ons, 4 violons, piano et contrebasse, dont les bandon\u00e9ons \u00e9taient ses \u00e9tudiants de bandon\u00e9on du Conservatoire &hellip; <a class=\"kt-excerpt-readmore\" href=\"https:\/\/joaquinamenabar.com\/fr\/joaquin\/orquesta\/\" aria-label=\"Orchestre\">Lire la suite<\/a><\/p>\n","protected":false},"author":1,"featured_media":0,"parent":1778,"menu_order":5,"comment_status":"closed","ping_status":"closed","template":"page-fullwidth.php","meta":{"nf_dc_page":"","footnotes":""},"class_list":["post-2235","page","type-page","status-publish","hentry"],"_links":{"self":[{"href":"https:\/\/joaquinamenabar.com\/fr\/wp-json\/wp\/v2\/pages\/2235","targetHints":{"allow":["GET"]}}],"collection":[{"href":"https:\/\/joaquinamenabar.com\/fr\/wp-json\/wp\/v2\/pages"}],"about":[{"href":"https:\/\/joaquinamenabar.com\/fr\/wp-json\/wp\/v2\/types\/page"}],"author":[{"embeddable":true,"href":"https:\/\/joaquinamenabar.com\/fr\/wp-json\/wp\/v2\/users\/1"}],"replies":[{"embeddable":true,"href":"https:\/\/joaquinamenabar.com\/fr\/wp-json\/wp\/v2\/comments?post=2235"}],"version-history":[{"count":28,"href":"https:\/\/joaquinamenabar.com\/fr\/wp-json\/wp\/v2\/pages\/2235\/revisions"}],"predecessor-version":[{"id":4788,"href":"https:\/\/joaquinamenabar.com\/fr\/wp-json\/wp\/v2\/pages\/2235\/revisions\/4788"}],"up":[{"embeddable":true,"href":"https:\/\/joaquinamenabar.com\/fr\/wp-json\/wp\/v2\/pages\/1778"}],"wp:attachment":[{"href":"https:\/\/joaquinamenabar.com\/fr\/wp-json\/wp\/v2\/media?parent=2235"}],"curies":[{"name":"wp","href":"https:\/\/api.w.org\/{rel}","templated":true}]}}