{"id":5,"date":"2013-06-12T02:29:24","date_gmt":"2013-06-12T05:29:24","guid":{"rendered":"https:\/\/joaquinamenabar.com\/?page_id=5"},"modified":"2025-02-24T07:58:45","modified_gmt":"2025-02-23T18:58:45","slug":"home","status":"publish","type":"page","link":"https:\/\/joaquinamenabar.com\/fr\/","title":{"rendered":"Accueil"},"content":{"rendered":"<div id=\"pl-5\"  class=\"panel-layout\" ><div id=\"pg-5-0\"  class=\"panel-grid panel-no-style\" ><div id=\"pgc-5-0-0\"  class=\"panel-grid-cell\" ><div id=\"panel-5-0-0-0\" class=\"so-panel widget widget_virtue_imgmenu_widget virtue_imgmenu_widget panel-first-child panel-last-child\" data-index=\"0\" ><div class=\"kt-pb-animation kt-pb-slideInRight kt-pb-duration-3000 kt-pb-delay-0 panel-widget-style panel-widget-style-for-5-0-0-0\" ><div class=\" kadence_img_menu_widget kt_image_menu_widget-0-0-0 kad-animation image-menu-image-size\" data-animation=\"fade-in\" data-delay=\"150\"><a href=\"\/joaquin\" id=\"image-menu-id-widget-0-0-0\" class=\"homepromolink\" target=\"_self\" style=\"max-width:720px\"><div class=\"image_menu_hover_class\"><\/div><div class=\"kt-intrinsic-container\" style=\"max-width:720px\"><div class=\"kt-intrinsic\" style=\"padding-bottom:100%;\"><img loading=\"lazy\" decoding=\"async\" src=\"https:\/\/joaquinamenabar.com\/wp-content\/uploads\/Joaquin-Amenabar-720x720.jpg\"    alt=\"About Joaquin Amenabar\" width=\"720\" height=\"720\" class=\"\"><\/div><\/div><div class=\"image_menu_content\"><div class=\"image_menu_message\"><h4>JOAQUIN AMENABAR<\/h4><\/div><\/div><\/a><\/div><\/div><\/div><\/div><div id=\"pgc-5-0-1\"  class=\"panel-grid-cell\" ><div id=\"panel-5-0-1-0\" class=\"so-panel widget widget_virtue_imgmenu_widget virtue_imgmenu_widget panel-first-child panel-last-child\" data-index=\"1\" ><div class=\"kt-pb-animation kt-pb-slideInLeft kt-pb-duration-3000 kt-pb-delay-0 panel-widget-style panel-widget-style-for-5-0-1-0\" ><div class=\" kadence_img_menu_widget kt_image_menu_widget-0-1-0 kad-animation image-menu-image-size\" data-animation=\"fade-in\" data-delay=\"150\"><a href=\"\/shop-books-ebooks\/\" id=\"image-menu-id-widget-0-1-0\" class=\"homepromolink\" target=\"_self\" style=\"max-width:1018px\"><div class=\"image_menu_hover_class\"><\/div><div class=\"kt-intrinsic-container\" style=\"max-width:1018px\"><div class=\"kt-intrinsic\" style=\"padding-bottom:100%;\"><img loading=\"lazy\" decoding=\"async\" src=\"https:\/\/joaquinamenabar.com\/wp-content\/uploads\/English-books-square.png\"    alt=\"\" width=\"1018\" height=\"1018\" class=\"\"><\/div><\/div><div class=\"image_menu_content\"><div class=\"image_menu_message\"><h4>Boutique \u2013 Livres et eBooks<\/h4><\/div><\/div><\/a><\/div><\/div><\/div><\/div><\/div><div id=\"pg-5-1\"  class=\"panel-grid panel-no-style\" ><div id=\"pgc-5-1-0\"  class=\"panel-grid-cell panel-grid-cell-empty\" ><\/div><div id=\"pgc-5-1-1\"  class=\"panel-grid-cell panel-grid-cell-mobile-last\" ><div id=\"panel-5-1-1-0\" class=\"so-panel widget widget_sow-editor panel-first-child\" data-index=\"2\" ><div class=\"panel-widget-style panel-widget-style-for-5-1-1-0\" ><div\n\t\t\t\n\t\t\tclass=\"so-widget-sow-editor so-widget-sow-editor-base\"\n\t\t\t\n\t\t>\n<div class=\"siteorigin-widget-tinymce textwidget\">\n\t<h3 style=\"text-align: center;\"><a href=\"\/events\">\u00c9V\u00c8NEMENTS \u00c0 VENIR<\/a><\/h3>\n<\/div>\n<\/div><\/div><\/div><div  class=\"tribe-compatibility-container\" >\n\t<div\n\t\t class=\"tribe-common tribe-events tribe-events-view tribe-events-view--widget-events-list tribe-events-widget\" \t\tdata-js=\"tribe-events-view\"\n\t\tdata-view-rest-url=\"https:\/\/joaquinamenabar.com\/fr\/wp-json\/tribe\/views\/v2\/html\"\n\t\tdata-view-manage-url=\"1\"\n\t\t\t\t\t\t\tdata-view-breakpoint-pointer=\"166880de-9ef4-4cd3-8966-d8332d1d0640\"\n\t\t\t>\n\t\t<div class=\"tribe-events-widget-events-list\">\n\n\t\t\t\n\t\t\t<script data-js=\"tribe-events-view-data\" type=\"application\/json\">\n\t{\"slug\":\"widget-events-list\",\"prev_url\":\"\",\"next_url\":\"\",\"view_class\":\"Tribe\\\\Events\\\\Views\\\\V2\\\\Views\\\\Widgets\\\\Widget_List_View\",\"view_slug\":\"widget-events-list\",\"view_label\":\"View\",\"view\":null,\"should_manage_url\":true,\"id\":null,\"alias-slugs\":null,\"title\":\"Prochains \\u00c9v\\u00e8nements \\u2013 Joaqu\\u00edn Amen\\u00e1bar\",\"limit\":\"5\",\"no_upcoming_events\":false,\"featured_events_only\":false,\"jsonld_enable\":true,\"tribe_is_list_widget\":false,\"admin_fields\":{\"title\":{\"label\":\"Titre\\u00a0:\",\"type\":\"text\",\"parent_classes\":\"\",\"classes\":\"\",\"dependency\":\"\",\"id\":\"widget-tribe-widget-events-list-1-title\",\"name\":\"widget-tribe-widget-events-list[1][title]\",\"options\":[],\"placeholder\":\"\",\"value\":null},\"limit\":{\"label\":\"Afficher\\u00a0:\",\"type\":\"number\",\"default\":5,\"min\":1,\"max\":10,\"step\":1,\"parent_classes\":\"\",\"classes\":\"\",\"dependency\":\"\",\"id\":\"widget-tribe-widget-events-list-1-limit\",\"name\":\"widget-tribe-widget-events-list[1][limit]\",\"options\":[],\"placeholder\":\"\",\"value\":null},\"no_upcoming_events\":{\"label\":\"Cacher ce widget s\\u2019il n\\u2019y a pas d\\u2019\\u00e9v\\u00e8nements \\u00e0 venir.\",\"type\":\"checkbox\",\"parent_classes\":\"\",\"classes\":\"\",\"dependency\":\"\",\"id\":\"widget-tribe-widget-events-list-1-no_upcoming_events\",\"name\":\"widget-tribe-widget-events-list[1][no_upcoming_events]\",\"options\":[],\"placeholder\":\"\",\"value\":null},\"featured_events_only\":{\"label\":\"Limiter uniquement pour les \\u00e9v\\u00e8nements mis en avant\",\"type\":\"checkbox\",\"parent_classes\":\"\",\"classes\":\"\",\"dependency\":\"\",\"id\":\"widget-tribe-widget-events-list-1-featured_events_only\",\"name\":\"widget-tribe-widget-events-list[1][featured_events_only]\",\"options\":[],\"placeholder\":\"\",\"value\":null},\"jsonld_enable\":{\"label\":\"G\\u00e9n\\u00e9rer les donn\\u00e9es JSON-LD\",\"type\":\"checkbox\",\"parent_classes\":\"\",\"classes\":\"\",\"dependency\":\"\",\"id\":\"widget-tribe-widget-events-list-1-jsonld_enable\",\"name\":\"widget-tribe-widget-events-list[1][jsonld_enable]\",\"options\":[],\"placeholder\":\"\",\"value\":null}},\"so_sidebar_emulator_id\":\"tribe-widget-events-list-510003\",\"option_name\":\"widget_tribe-widget-events-list\",\"panels_info\":{\"class\":\"Tribe\\\\Events\\\\Views\\\\V2\\\\Widgets\\\\Widget_List\",\"raw\":false,\"grid\":1,\"cell\":1,\"id\":3,\"widget_id\":\"fadb2f59-0764-4a40-a099-5a1c7fb036f9\",\"style\":{\"background_image_attachment\":false,\"background_display\":\"tile\",\"background_image_size\":\"full\",\"background_image_opacity\":\"100\",\"border_thickness\":\"1px\",\"kt_animation_duration\":\"default\",\"kt_animation_delay\":\"default\"},\"cell_index\":1,\"widget_index\":3},\"events\":[],\"url\":\"https:\\\/\\\/joaquinamenabar.com\\\/fr\\\/?post_type=tribe_events&eventDisplay=widget-events-list\",\"url_event_date\":false,\"bar\":{\"keyword\":\"\",\"date\":\"\"},\"today\":\"2026-04-24 00:00:00\",\"now\":\"2026-04-24 05:26:40\",\"home_url\":\"https:\\\/\\\/joaquinamenabar.com\\\/fr\",\"rest_url\":\"https:\\\/\\\/joaquinamenabar.com\\\/fr\\\/wp-json\\\/tribe\\\/views\\\/v2\\\/html\",\"rest_method\":\"GET\",\"rest_nonce\":\"\",\"today_url\":\"https:\\\/\\\/joaquinamenabar.com\\\/fr\\\/?post_type=tribe_events&eventDisplay=widget-events-list&rest_route=%2Fwp%2Fv2%2Fpages%2F5\",\"today_title\":\"Cliquer pour s\\u00e9lectionner la date du jour\",\"today_label\":\"Aujourd\\u2019hui\",\"prev_label\":\"\",\"next_label\":\"\",\"date_formats\":{\"compact\":\"n\\\/j\\\/Y\",\"month_and_year_compact\":\"n\\\/j\\\/Y\",\"month_and_year\":\"F Y\",\"time_range_separator\":\" - \",\"date_time_separator\":\" @ \"},\"messages\":{\"notice\":[\"Il n\\u2019y a pas d\\u2019\\u00e9v\\u00e8nements \\u00e0 venir.\"]},\"start_of_week\":\"1\",\"header_title\":\"\",\"header_title_element\":\"h1\",\"content_title\":\"\",\"show_content_title\":false,\"breadcrumbs\":[],\"backlink\":false,\"before_events\":\"<!-- kt-event-code -->\\n\\t<div id=\\\"content\\\" class=\\\"container\\\">\\n\\t<!-- stop kt-event-code -->\",\"after_events\":\"\\n<!--\\nThis calendar is powered by The Events Calendar.\\nhttp:\\\/\\\/evnt.is\\\/18wn\\n-->\\n<!-- kt-event-code -->\\n\\t<\\\/div>\\n\\t<!-- stop kt-event-code -->\",\"display_events_bar\":false,\"disable_event_search\":false,\"live_refresh\":true,\"ical\":{\"display_link\":true,\"link\":{\"url\":\"https:\\\/\\\/joaquinamenabar.com\\\/fr\\\/?post_type=tribe_events&#038;eventDisplay=widget-events-list&#038;ical=1\",\"text\":\"Exporter \\u00c9v\\u00e8nements\",\"title\":\"Utilisez ceci pour partager les donn\\u00e9es de calendrier avec Google Calendar, Apple iCal et d\\u2019autres applications compatibles\"}},\"container_classes\":[\"tribe-common\",\"tribe-events\",\"tribe-events-view\",\"tribe-events-view--widget-events-list\",\"tribe-events-widget\"],\"container_data\":[],\"is_past\":false,\"breakpoints\":{\"xsmall\":500,\"medium\":768,\"full\":960},\"breakpoint_pointer\":\"166880de-9ef4-4cd3-8966-d8332d1d0640\",\"is_initial_load\":false,\"public_views\":{\"list\":{\"view_class\":\"Tribe\\\\Events\\\\Views\\\\V2\\\\Views\\\\List_View\",\"view_url\":\"https:\\\/\\\/joaquinamenabar.com\\\/fr\\\/events\\\/(\\\/?:list)\\\/\",\"view_label\":\"Liste\",\"aria_label\":\"Display \\u00c9v\\u00e8nements in Liste View\"},\"month\":{\"view_class\":\"Tribe\\\\Events\\\\Views\\\\V2\\\\Views\\\\Month_View\",\"view_url\":\"https:\\\/\\\/joaquinamenabar.com\\\/fr\\\/events\\\/(\\\/?:month)\\\/\",\"view_label\":\"Mois\",\"aria_label\":\"Display \\u00c9v\\u00e8nements in Mois View\"},\"day\":{\"view_class\":\"Tribe\\\\Events\\\\Views\\\\V2\\\\Views\\\\Day_View\",\"view_url\":\"https:\\\/\\\/joaquinamenabar.com\\\/fr\\\/events\\\/(\\\/?:today)\\\/\",\"view_label\":\"Jour\",\"aria_label\":\"Display \\u00c9v\\u00e8nements in Jour View\"}},\"show_latest_past\":false,\"past\":false,\"compatibility_classes\":[\"tribe-compatibility-container\"],\"view_more_text\":\"Voir le calendrier\",\"view_more_title\":\"Voir plus d\\u2019\\u00e9v\\u00e8nements.\",\"view_more_link\":\"https:\\\/\\\/joaquinamenabar.com\\\/fr\\\/events\\\/\",\"widget_title\":\"\",\"hide_if_no_upcoming_events\":false,\"display\":[],\"subscribe_links\":{\"gcal\":{\"label\":\"Google Agenda\",\"single_label\":\"Ajouter \\u00e0 Google Agenda\",\"visible\":true,\"block_slug\":\"hasGoogleCalendar\"},\"ical\":{\"label\":\"iCalendar\",\"single_label\":\"Ajouter \\u00e0 iCalendar\",\"visible\":true,\"block_slug\":\"hasiCal\"},\"outlook-365\":{\"label\":\"Outlook 365\",\"single_label\":\"Outlook 365\",\"visible\":true,\"block_slug\":\"hasOutlook365\"},\"outlook-live\":{\"label\":\"Outlook Live\",\"single_label\":\"Outlook Live\",\"visible\":true,\"block_slug\":\"hasOutlookLive\"},\"ics\":{\"label\":\"Exporter le fichier .ics\",\"single_label\":\"Exporter le fichier .ics\",\"visible\":true,\"block_slug\":null},\"outlook-ics\":{\"label\":\"Exporter le fichier Outlook .ics\",\"single_label\":\"Exporter le fichier Outlook .ics\",\"visible\":true,\"block_slug\":null}},\"_context\":{\"slug\":\"widget-events-list\"}}<\/script>\n\n\t\t\t\n\t\t\t\n\t\t\t\t<div  class=\"tribe-events-header__messages tribe-events-c-messages tribe-common-b2\"  >\n\t\t\t<div class=\"tribe-events-c-messages__message tribe-events-c-messages__message--notice\" tabindex=\"0\" role=\"alert\" aria-live=\"assertive\">\n\t\t\t<svg\n\t class=\"tribe-common-c-svgicon tribe-common-c-svgicon--messages-not-found tribe-events-c-messages__message-icon-svg\" \taria-hidden=\"true\"\n\tviewBox=\"0 0 21 23\"\n\txmlns=\"http:\/\/www.w3.org\/2000\/svg\"\n>\n\t<g fill-rule=\"evenodd\">\n\t\t<path d=\"M.5 2.5h20v20H.5z\"\/>\n\t\t<path stroke-linecap=\"round\" d=\"M7.583 11.583l5.834 5.834m0-5.834l-5.834 5.834\" class=\"tribe-common-c-svgicon__svg-stroke\"\/>\n\t\t<path stroke-linecap=\"round\" d=\"M4.5.5v4m12-4v4\"\/>\n\t\t<path stroke-linecap=\"square\" d=\"M.5 7.5h20\"\/>\n\t<\/g>\n<\/svg>\n<span class=\"tribe-common-a11y-visual-hide\">\n\tNotice<\/span>\n\t\t\t\t\t\t\t<div\n\t\t\t\t\t data-key=\"0\" >\n\t\t\t\t\tIl n\u2019y a pas d\u2019\u00e9v\u00e8nements \u00e0 venir.\t\t\t\t<\/div>\n\t\t\t\t\t<\/div>\n\t<\/div>\n\n\t\t\t\t\t<\/div>\n\t<\/div>\n<\/div>\n<script data-js='tribe-events-view-nonce-data' type='application\/json'>{\"tvn1\":\"42b388a296\",\"tvn2\":\"\"}<\/script><div id=\"panel-5-1-1-2\" class=\"so-panel widget widget_sow-editor panel-last-child\" data-index=\"4\" ><div\n\t\t\t\n\t\t\tclass=\"so-widget-sow-editor so-widget-sow-editor-base\"\n\t\t\t\n\t\t>\n<div class=\"siteorigin-widget-tinymce textwidget\">\n\t<h3 style=\"text-align: center;\">NOUVELLES<\/h3>\n<\/div>\n<\/div><\/div><\/div><div id=\"pgc-5-1-2\"  class=\"panel-grid-cell panel-grid-cell-empty\" ><\/div><\/div><\/div>","protected":false},"excerpt":{"rendered":"<p>\u00c9V\u00c8NEMENTS \u00c0 VENIR NOUVELLES<\/p>\n","protected":false},"author":1,"featured_media":0,"parent":0,"menu_order":0,"comment_status":"closed","ping_status":"closed","template":"page-fullwidth.php","meta":{"nf_dc_page":"","footnotes":""},"class_list":["post-5","page","type-page","status-publish","hentry"],"_links":{"self":[{"href":"https:\/\/joaquinamenabar.com\/fr\/wp-json\/wp\/v2\/pages\/5","targetHints":{"allow":["GET"]}}],"collection":[{"href":"https:\/\/joaquinamenabar.com\/fr\/wp-json\/wp\/v2\/pages"}],"about":[{"href":"https:\/\/joaquinamenabar.com\/fr\/wp-json\/wp\/v2\/types\/page"}],"author":[{"embeddable":true,"href":"https:\/\/joaquinamenabar.com\/fr\/wp-json\/wp\/v2\/users\/1"}],"replies":[{"embeddable":true,"href":"https:\/\/joaquinamenabar.com\/fr\/wp-json\/wp\/v2\/comments?post=5"}],"version-history":[{"count":6,"href":"https:\/\/joaquinamenabar.com\/fr\/wp-json\/wp\/v2\/pages\/5\/revisions"}],"predecessor-version":[{"id":11690,"href":"https:\/\/joaquinamenabar.com\/fr\/wp-json\/wp\/v2\/pages\/5\/revisions\/11690"}],"wp:attachment":[{"href":"https:\/\/joaquinamenabar.com\/fr\/wp-json\/wp\/v2\/media?parent=5"}],"curies":[{"name":"wp","href":"https:\/\/api.w.org\/{rel}","templated":true}]}}