{"id":1541,"date":"2019-09-10T04:00:39","date_gmt":"2019-09-10T07:00:39","guid":{"rendered":"https:\/\/joaquinamenabar.com\/?page_id=1541"},"modified":"2021-12-23T04:42:53","modified_gmt":"2021-12-23T07:42:53","slug":"professor","status":"publish","type":"page","link":"https:\/\/joaquinamenabar.com\/it\/joaquin\/professor\/","title":{"rendered":"Professore"},"content":{"rendered":"<img loading=\"lazy\" decoding=\"async\" class=\"aligncenter size-full wp-image-1544\" src=\"https:\/\/joaquinamenabar.com\/wp-content\/uploads\/Joaquin-Amenabar-in-class.jpg\" alt=\"Joaquin Amenabar in class\" width=\"630\" height=\"440\" srcset=\"https:\/\/joaquinamenabar.com\/wp-content\/uploads\/Joaquin-Amenabar-in-class.jpg 630w, https:\/\/joaquinamenabar.com\/wp-content\/uploads\/Joaquin-Amenabar-in-class-250x175.jpg 250w, https:\/\/joaquinamenabar.com\/wp-content\/uploads\/Joaquin-Amenabar-in-class-300x210.jpg 300w\" sizes=\"auto, (max-width: 630px) 100vw, 630px\" \/><br \/>\n \tJoaqu\u00edn Amen\u00e1bar ha studiato bandoneon con il Maestro Rodolfo Daluisio presso il Conservatorio Municipale di Musica &#8220;Manuel de Falla&#8221; della citt\u00e0 di Buenos Aires, Argentina, dove si \u00e8 diplomato con il titolo di Professore Superiore di Bandone\u00f3n.<\/p>\n<ul>\n<li>\u00c8 stato insegnante di bandoneon presso il Conservatorio Nazionale Lopez Buchardo dell&#8217;Instituto Universitario Nacional de ARte e presso il Conservatorio Superiore Municipale di Musica Manuel de Falla nella citt\u00e0 di Buenos Aires. \u00c8 stato anche insegnante di bandoneon presso la Scuola di Musica Popolare Avellaneda nella provincia di Buenos Aires.<\/li>\n<li>Amen\u00e1bar tiene lezioni di interpretazione di tango di gruppo in orchestra. Lo stile di tango viene esercitato in un&#8217;orchestra tipica, lavorando su arrangiamenti e registrazioni della sua <a href=\"http:\/\/www.delaguardiavieja.com.ar\/\"> &#8220;Orquesta tipica de la Guardia Vieja&#8221; <\/a> e di altre orchestre. Insegna anche sullo strumento, sul suo utilizzo, sulla disposizione della tastiera e sui modi di scrivere musica per il bandoneon in corsi per compositori e arrangiatori.<\/li>\n<\/ul>","protected":false},"excerpt":{"rendered":"<p>Joaqu\u00edn Amen\u00e1bar ha studiato bandoneon con il Maestro Rodolfo Daluisio presso il Conservatorio Municipale di Musica &#8220;Manuel de Falla&#8221; della citt\u00e0 di Buenos Aires, Argentina, dove si \u00e8 diplomato con il titolo di Professore Superiore di Bandone\u00f3n. \u00c8 stato insegnante &hellip; <a class=\"kt-excerpt-readmore\" href=\"https:\/\/joaquinamenabar.com\/it\/joaquin\/professor\/\" aria-label=\"Professore\">Continua a leggere<\/a><\/p>\n","protected":false},"author":1,"featured_media":0,"parent":1778,"menu_order":1,"comment_status":"closed","ping_status":"closed","template":"page-fullwidth.php","meta":{"nf_dc_page":"","footnotes":""},"class_list":["post-1541","page","type-page","status-publish","hentry"],"_links":{"self":[{"href":"https:\/\/joaquinamenabar.com\/it\/wp-json\/wp\/v2\/pages\/1541","targetHints":{"allow":["GET"]}}],"collection":[{"href":"https:\/\/joaquinamenabar.com\/it\/wp-json\/wp\/v2\/pages"}],"about":[{"href":"https:\/\/joaquinamenabar.com\/it\/wp-json\/wp\/v2\/types\/page"}],"author":[{"embeddable":true,"href":"https:\/\/joaquinamenabar.com\/it\/wp-json\/wp\/v2\/users\/1"}],"replies":[{"embeddable":true,"href":"https:\/\/joaquinamenabar.com\/it\/wp-json\/wp\/v2\/comments?post=1541"}],"version-history":[{"count":23,"href":"https:\/\/joaquinamenabar.com\/it\/wp-json\/wp\/v2\/pages\/1541\/revisions"}],"predecessor-version":[{"id":5080,"href":"https:\/\/joaquinamenabar.com\/it\/wp-json\/wp\/v2\/pages\/1541\/revisions\/5080"}],"up":[{"embeddable":true,"href":"https:\/\/joaquinamenabar.com\/it\/wp-json\/wp\/v2\/pages\/1778"}],"wp:attachment":[{"href":"https:\/\/joaquinamenabar.com\/it\/wp-json\/wp\/v2\/media?parent=1541"}],"curies":[{"name":"wp","href":"https:\/\/api.w.org\/{rel}","templated":true}]}}