{"id":1548,"date":"2019-09-10T04:04:20","date_gmt":"2019-09-10T07:04:20","guid":{"rendered":"https:\/\/joaquinamenabar.com\/?page_id=1548"},"modified":"2021-12-23T04:40:44","modified_gmt":"2021-12-23T07:40:44","slug":"director","status":"publish","type":"page","link":"https:\/\/joaquinamenabar.com\/it\/joaquin\/director\/","title":{"rendered":"Direttore"},"content":{"rendered":"<img loading=\"lazy\" decoding=\"async\" class=\"aligncenter size-full wp-image-1551\" src=\"https:\/\/joaquinamenabar.com\/wp-content\/uploads\/direcg6.jpg\" alt=\"Director\" width=\"650\" height=\"488\" srcset=\"https:\/\/joaquinamenabar.com\/wp-content\/uploads\/direcg6.jpg 650w, https:\/\/joaquinamenabar.com\/wp-content\/uploads\/direcg6-250x188.jpg 250w, https:\/\/joaquinamenabar.com\/wp-content\/uploads\/direcg6-300x225.jpg 300w\" sizes=\"auto, (max-width: 650px) 100vw, 650px\" \/><br \/>\n \tJoaqu\u00edn Amen\u00e1bar ha formato la sua  &#8220;Orquesta T\u00edpica de la Guardia Vieja&#8221;  con i suoi studenti di bandoneon dell Conservatorio de la Cit\u00e0 de Buenos Aires. . Ha poi lavorato con il resto dei musicisti fino a formare la totalit\u00e0 dell&#8217;orchestra di cui \u00e8 direttore e primo bandoneon. La orchestra ha suonato in Buenos Aires dall 200 al 2007 partecipando in diversi concerti, concorsi, milonge, etc.<\/p>\n<ul>\n<li>Ha tenuto seminari di orchestrazione, arrangiamenti e composizione di tango in varie citt\u00e0 del mondo (Chicago, Berlino, Stoccarda, Monaco, Canberra, Wellington, Auckland, Christchurch, ecc.).<\/li>\n<\/ul>","protected":false},"excerpt":{"rendered":"<p>Joaqu\u00edn Amen\u00e1bar ha formato la sua &#8220;Orquesta T\u00edpica de la Guardia Vieja&#8221; con i suoi studenti di bandoneon dell Conservatorio de la Cit\u00e0 de Buenos Aires. . Ha poi lavorato con il resto dei musicisti fino a formare la totalit\u00e0 &hellip; <a class=\"kt-excerpt-readmore\" href=\"https:\/\/joaquinamenabar.com\/it\/joaquin\/director\/\" aria-label=\"Direttore\">Continua a leggere<\/a><\/p>\n","protected":false},"author":1,"featured_media":0,"parent":1778,"menu_order":2,"comment_status":"closed","ping_status":"closed","template":"page-fullwidth.php","meta":{"nf_dc_page":"","footnotes":""},"class_list":["post-1548","page","type-page","status-publish","hentry"],"_links":{"self":[{"href":"https:\/\/joaquinamenabar.com\/it\/wp-json\/wp\/v2\/pages\/1548","targetHints":{"allow":["GET"]}}],"collection":[{"href":"https:\/\/joaquinamenabar.com\/it\/wp-json\/wp\/v2\/pages"}],"about":[{"href":"https:\/\/joaquinamenabar.com\/it\/wp-json\/wp\/v2\/types\/page"}],"author":[{"embeddable":true,"href":"https:\/\/joaquinamenabar.com\/it\/wp-json\/wp\/v2\/users\/1"}],"replies":[{"embeddable":true,"href":"https:\/\/joaquinamenabar.com\/it\/wp-json\/wp\/v2\/comments?post=1548"}],"version-history":[{"count":14,"href":"https:\/\/joaquinamenabar.com\/it\/wp-json\/wp\/v2\/pages\/1548\/revisions"}],"predecessor-version":[{"id":5079,"href":"https:\/\/joaquinamenabar.com\/it\/wp-json\/wp\/v2\/pages\/1548\/revisions\/5079"}],"up":[{"embeddable":true,"href":"https:\/\/joaquinamenabar.com\/it\/wp-json\/wp\/v2\/pages\/1778"}],"wp:attachment":[{"href":"https:\/\/joaquinamenabar.com\/it\/wp-json\/wp\/v2\/media?parent=1548"}],"curies":[{"name":"wp","href":"https:\/\/api.w.org\/{rel}","templated":true}]}}