{"id":1553,"date":"2019-09-10T04:08:32","date_gmt":"2019-09-10T07:08:32","guid":{"rendered":"https:\/\/joaquinamenabar.com\/?page_id=1553"},"modified":"2021-12-23T04:45:14","modified_gmt":"2021-12-23T07:45:14","slug":"ejecutante","status":"publish","type":"page","link":"https:\/\/joaquinamenabar.com\/it\/joaquin\/ejecutante\/","title":{"rendered":"Musicista"},"content":{"rendered":"<img loading=\"lazy\" decoding=\"async\" class=\"aligncenter size-full wp-image-3531\" src=\"https:\/\/joaquinamenabar.com\/wp-content\/uploads\/Perfomer.jpg\" alt=\"\" width=\"482\" height=\"720\" srcset=\"https:\/\/joaquinamenabar.com\/wp-content\/uploads\/Perfomer.jpg 482w, https:\/\/joaquinamenabar.com\/wp-content\/uploads\/Perfomer-250x373.jpg 250w, https:\/\/joaquinamenabar.com\/wp-content\/uploads\/Perfomer-350x523.jpg 350w, https:\/\/joaquinamenabar.com\/wp-content\/uploads\/Perfomer-150x224.jpg 150w\" sizes=\"auto, (max-width: 482px) 100vw, 482px\" \/><\/p>\n<p> \tJoaqu\u00edn Amen\u00e1bar suona concerti da solista con un vasto repertorio di musica classica, contemporanea e tango. Ha suonato concerti di bandone\u00f3n a San Francisco, Chicago, Istanbul, Australia, Nuova Zelanda, Italia, Germania, Inghilterra e altri paesi europei.<\/p>\n<ul>\n<li> J. Amen\u00e1bar ha suonato al concerto  del 250* anniversario della morte de  Johann Sebastian Bach al  Festival Ravinia, Chicago, USA,  nel 7  giugno 2000. Nell&#8217;ottobre 2002 ha suonato la prima del brano per bndoneon e organo &#8220;Eleg\u00eda Porte\u00f1a&#8221; di Rodolfo Daluisio al V Festival de Bandone\u00f3n in Kreffeld , Germania<\/li>\n<li> Direttore e primo Bandone\u00f3n dell &#8216;&#8221;Orquesta T\u00edpica de la Guardia Vieja&#8221; con un repertorio tradizionale di tango.<\/li>\n<\/ul>","protected":false},"excerpt":{"rendered":"<p>Joaqu\u00edn Amen\u00e1bar suona concerti da solista con un vasto repertorio di musica classica, contemporanea e tango. Ha suonato concerti di bandone\u00f3n a San Francisco, Chicago, Istanbul, Australia, Nuova Zelanda, Italia, Germania, Inghilterra e altri paesi europei. J. Amen\u00e1bar ha suonato &hellip; <a class=\"kt-excerpt-readmore\" href=\"https:\/\/joaquinamenabar.com\/it\/joaquin\/ejecutante\/\" aria-label=\"Musicista\">Continua a leggere<\/a><\/p>\n","protected":false},"author":1,"featured_media":0,"parent":1778,"menu_order":3,"comment_status":"closed","ping_status":"closed","template":"page-fullwidth.php","meta":{"nf_dc_page":"","footnotes":""},"class_list":["post-1553","page","type-page","status-publish","hentry"],"_links":{"self":[{"href":"https:\/\/joaquinamenabar.com\/it\/wp-json\/wp\/v2\/pages\/1553","targetHints":{"allow":["GET"]}}],"collection":[{"href":"https:\/\/joaquinamenabar.com\/it\/wp-json\/wp\/v2\/pages"}],"about":[{"href":"https:\/\/joaquinamenabar.com\/it\/wp-json\/wp\/v2\/types\/page"}],"author":[{"embeddable":true,"href":"https:\/\/joaquinamenabar.com\/it\/wp-json\/wp\/v2\/users\/1"}],"replies":[{"embeddable":true,"href":"https:\/\/joaquinamenabar.com\/it\/wp-json\/wp\/v2\/comments?post=1553"}],"version-history":[{"count":22,"href":"https:\/\/joaquinamenabar.com\/it\/wp-json\/wp\/v2\/pages\/1553\/revisions"}],"predecessor-version":[{"id":5081,"href":"https:\/\/joaquinamenabar.com\/it\/wp-json\/wp\/v2\/pages\/1553\/revisions\/5081"}],"up":[{"embeddable":true,"href":"https:\/\/joaquinamenabar.com\/it\/wp-json\/wp\/v2\/pages\/1778"}],"wp:attachment":[{"href":"https:\/\/joaquinamenabar.com\/it\/wp-json\/wp\/v2\/media?parent=1553"}],"curies":[{"name":"wp","href":"https:\/\/api.w.org\/{rel}","templated":true}]}}