{"id":1560,"date":"2019-09-10T04:13:23","date_gmt":"2019-09-10T07:13:23","guid":{"rendered":"https:\/\/joaquinamenabar.com\/?page_id=1560"},"modified":"2022-10-28T06:37:21","modified_gmt":"2022-10-28T09:37:21","slug":"afinacion","status":"publish","type":"page","link":"https:\/\/joaquinamenabar.com\/it\/joaquin\/afinacion\/","title":{"rendered":"Accordatura"},"content":{"rendered":"<img loading=\"lazy\" decoding=\"async\" src=\"https:\/\/joaquinamenabar.com\/wp-content\/uploads\/afinag-545.jpg\" alt=\"\" width=\"545\" height=\"545\" class=\"aligncenter size-full wp-image-2406\" srcset=\"https:\/\/joaquinamenabar.com\/wp-content\/uploads\/afinag-545.jpg 545w, https:\/\/joaquinamenabar.com\/wp-content\/uploads\/afinag-545-250x250.jpg 250w, https:\/\/joaquinamenabar.com\/wp-content\/uploads\/afinag-545-100x100.jpg 100w, https:\/\/joaquinamenabar.com\/wp-content\/uploads\/afinag-545-150x150.jpg 150w, https:\/\/joaquinamenabar.com\/wp-content\/uploads\/afinag-545-350x350.jpg 350w\" sizes=\"auto, (max-width: 545px) 100vw, 545px\" \/><br \/>\n \tParallelamente al suo lavoro di bandoneonista e insegnante, Joaqu\u00edn Amen\u00e1bar svolge un ruolo importante come accordatore e meccanico del suo strumento, essendo stato un discepolo dell&#8217;accordatore tedesco residente in Argentina, Jorge Wekkesser, &#8220;El Alem\u00e1n de Barracas&#8221; nel cui laboratorio ha lavorato nella accordatura,  messa a punto, meccanica e fabbricazione di soffietti.<\/p>\n<ul>\n<li>\u00c8 stato invitato a condividere le sue esperienze come accordatore e tecnico dello strumento dall&#8217;Institut f\u00fcr Musikinstrumentenbau de Zwota, Klingenthal nel gennaio 2001, in cui \u00e8 stato svolto il compito di ricerca per la ricostruzione del bandoneon di Carlsfeld, dove operava la fabbrica di Alfred Arnold.<\/li>\n<li>Tiene lezioni e lezioni aperte sul bandoneon, l&#8217;evoluzione del modello dalla fisarmonica, l&#8217;evoluzione della tastiera, metodi di apprendimento, ecc.<\/li>\n<\/ul>","protected":false},"excerpt":{"rendered":"<p>Parallelamente al suo lavoro di bandoneonista e insegnante, Joaqu\u00edn Amen\u00e1bar svolge un ruolo importante come accordatore e meccanico del suo strumento, essendo stato un discepolo dell&#8217;accordatore tedesco residente in Argentina, Jorge Wekkesser, &#8220;El Alem\u00e1n de Barracas&#8221; nel cui laboratorio ha &hellip; <a class=\"kt-excerpt-readmore\" href=\"https:\/\/joaquinamenabar.com\/it\/joaquin\/afinacion\/\" aria-label=\"Accordatura\">Continua a leggere<\/a><\/p>\n","protected":false},"author":1,"featured_media":0,"parent":1778,"menu_order":4,"comment_status":"closed","ping_status":"closed","template":"page-fullwidth.php","meta":{"nf_dc_page":"","footnotes":""},"class_list":["post-1560","page","type-page","status-publish","hentry"],"_links":{"self":[{"href":"https:\/\/joaquinamenabar.com\/it\/wp-json\/wp\/v2\/pages\/1560","targetHints":{"allow":["GET"]}}],"collection":[{"href":"https:\/\/joaquinamenabar.com\/it\/wp-json\/wp\/v2\/pages"}],"about":[{"href":"https:\/\/joaquinamenabar.com\/it\/wp-json\/wp\/v2\/types\/page"}],"author":[{"embeddable":true,"href":"https:\/\/joaquinamenabar.com\/it\/wp-json\/wp\/v2\/users\/1"}],"replies":[{"embeddable":true,"href":"https:\/\/joaquinamenabar.com\/it\/wp-json\/wp\/v2\/comments?post=1560"}],"version-history":[{"count":19,"href":"https:\/\/joaquinamenabar.com\/it\/wp-json\/wp\/v2\/pages\/1560\/revisions"}],"predecessor-version":[{"id":6695,"href":"https:\/\/joaquinamenabar.com\/it\/wp-json\/wp\/v2\/pages\/1560\/revisions\/6695"}],"up":[{"embeddable":true,"href":"https:\/\/joaquinamenabar.com\/it\/wp-json\/wp\/v2\/pages\/1778"}],"wp:attachment":[{"href":"https:\/\/joaquinamenabar.com\/it\/wp-json\/wp\/v2\/media?parent=1560"}],"curies":[{"name":"wp","href":"https:\/\/api.w.org\/{rel}","templated":true}]}}