{"id":2235,"date":"2019-10-15T02:05:33","date_gmt":"2019-10-15T05:05:33","guid":{"rendered":"https:\/\/joaquinamenabar.com\/?page_id=2235"},"modified":"2020-11-22T16:15:21","modified_gmt":"2020-11-22T19:15:21","slug":"orquesta","status":"publish","type":"page","link":"https:\/\/joaquinamenabar.com\/it\/joaquin\/orquesta\/","title":{"rendered":"Orchestra"},"content":{"rendered":"<img loading=\"lazy\" decoding=\"async\" class=\"aligncenter size-full wp-image-3538\" src=\"https:\/\/joaquinamenabar.com\/wp-content\/uploads\/Foto-internet-mas-grande.jpg\" alt=\"\" width=\"450\" height=\"270\" srcset=\"https:\/\/joaquinamenabar.com\/wp-content\/uploads\/Foto-internet-mas-grande.jpg 450w, https:\/\/joaquinamenabar.com\/wp-content\/uploads\/Foto-internet-mas-grande-250x150.jpg 250w, https:\/\/joaquinamenabar.com\/wp-content\/uploads\/Foto-internet-mas-grande-350x210.jpg 350w, https:\/\/joaquinamenabar.com\/wp-content\/uploads\/Foto-internet-mas-grande-150x90.jpg 150w\" sizes=\"auto, (max-width: 450px) 100vw, 450px\" \/><\/p>\n<p>Nel 2000, Joaqu\u00edn Amen\u00e1bar ha creato la sua orchestra di tango &#8220;Orquesta T\u00edpica de la Guardia Vieja&#8221;, un&#8217;orchestra di tango tradizionale con 4 bandoneon, 4 violini, pianoforte e contrabbasso, i cui i bandoneonisti erano i suoi studenti bandoneon del Conservatorio Superiore di Musica de Buenos Aires, il resto dei musicisti professionisti. <\/p>\n<ul>\n<li>Lo scopo del progetto era offrire agli studenti di bandoneon l&#8217;opportunit\u00e0 di suonare in stile anni &#8217;30 e &#8217;40 in un&#8217;orchestra di tango. L&#8217;orchestra si \u00e8 esibita nei luoghi pi\u00f9 importanti di Buenos Aires, tra cui teatri, sale da ballo, il centro culturale di San Mart\u00edn e la sala da concerto del Mercato del Commercio di Buenos Aires. <\/li>\n<li>Nella prima competizione per bar e caff\u00e8 nobili a Buenos Aires &#8211; una delle pi\u00f9 importanti gare di tango a Buenos Aires &#8211; l'&#8221;Orquesta T\u00edpica de la Guardia Vieja&#8221; a vinto nella categoria &#8220;Orchestra&#8221;. L&#8217; &#8220;Orquesta T\u00edpica de la Guardia Vieja&#8221; si \u00e8 esibita tra il 2000 e il 2007.<\/li>\n<ul>\n<div class=\"row\"> <div class=\"col-md-6  \">\n<p> <div class=\"kad-youtube-shortcode videofit\" style=\"max-width:450px;\" ><iframe loading=\"lazy\" width=\"300\" height=\"200\" src=\"https:\/\/www.youtube.com\/embed\/QAs2VfksQtY?autoplay=0&controls=1&fs=1&modestbranding=0&theme=dark&rel=0&loop=0&showinfo=1\" frameborder=\"0\" allowfullscreen=\"true\"><\/iframe><\/div><\/div><div class=\"col-md-6  \"> <\/p>\n<div class=\"kad-youtube-shortcode videofit\" style=\"max-width:450px;\" ><iframe loading=\"lazy\" width=\"300\" height=\"200\" src=\"https:\/\/www.youtube.com\/embed\/PKH3zY7iTlQ?autoplay=0&controls=1&fs=1&modestbranding=0&theme=dark&rel=0&loop=0&showinfo=1\" frameborder=\"0\" allowfullscreen=\"true\"><\/iframe><\/div><\/div>\n<\/div>","protected":false},"excerpt":{"rendered":"<p>Nel 2000, Joaqu\u00edn Amen\u00e1bar ha creato la sua orchestra di tango &#8220;Orquesta T\u00edpica de la Guardia Vieja&#8221;, un&#8217;orchestra di tango tradizionale con 4 bandoneon, 4 violini, pianoforte e contrabbasso, i cui i bandoneonisti erano i suoi studenti bandoneon del Conservatorio &hellip; <a class=\"kt-excerpt-readmore\" href=\"https:\/\/joaquinamenabar.com\/it\/joaquin\/orquesta\/\" aria-label=\"Orchestra\">Continua a leggere<\/a><\/p>\n","protected":false},"author":1,"featured_media":0,"parent":1778,"menu_order":5,"comment_status":"closed","ping_status":"closed","template":"page-fullwidth.php","meta":{"nf_dc_page":"","footnotes":""},"class_list":["post-2235","page","type-page","status-publish","hentry"],"_links":{"self":[{"href":"https:\/\/joaquinamenabar.com\/it\/wp-json\/wp\/v2\/pages\/2235","targetHints":{"allow":["GET"]}}],"collection":[{"href":"https:\/\/joaquinamenabar.com\/it\/wp-json\/wp\/v2\/pages"}],"about":[{"href":"https:\/\/joaquinamenabar.com\/it\/wp-json\/wp\/v2\/types\/page"}],"author":[{"embeddable":true,"href":"https:\/\/joaquinamenabar.com\/it\/wp-json\/wp\/v2\/users\/1"}],"replies":[{"embeddable":true,"href":"https:\/\/joaquinamenabar.com\/it\/wp-json\/wp\/v2\/comments?post=2235"}],"version-history":[{"count":28,"href":"https:\/\/joaquinamenabar.com\/it\/wp-json\/wp\/v2\/pages\/2235\/revisions"}],"predecessor-version":[{"id":4788,"href":"https:\/\/joaquinamenabar.com\/it\/wp-json\/wp\/v2\/pages\/2235\/revisions\/4788"}],"up":[{"embeddable":true,"href":"https:\/\/joaquinamenabar.com\/it\/wp-json\/wp\/v2\/pages\/1778"}],"wp:attachment":[{"href":"https:\/\/joaquinamenabar.com\/it\/wp-json\/wp\/v2\/media?parent=2235"}],"curies":[{"name":"wp","href":"https:\/\/api.w.org\/{rel}","templated":true}]}}