{"id":10994,"date":"2024-09-27T19:13:06","date_gmt":"2024-09-27T22:13:06","guid":{"rendered":"https:\/\/joaquinamenabar.com\/?post_type=product&#038;p=10994"},"modified":"2024-11-08T13:52:30","modified_gmt":"2024-11-08T00:52:30","slug":"tango-dansons-la-musique-volume-ii","status":"publish","type":"product","link":"https:\/\/joaquinamenabar.com\/it\/product\/tango-dansons-la-musique-volume-ii\/","title":{"rendered":"Tango: Dansons La Musique ! \u00a9 Volume II"},"content":{"rendered":"<ul>\n<li>Les styles des diff\u00e9rentes \u00e9poques et orchestres de tango et son application sur la piste de danse.\n<li>200 pages d&#8217;analyse d\u00e9taill\u00e9e de quelque 150 exemples musicaux de tous les orchestres de tango, ann\u00e9e par ann\u00e9e <\/li>\n<li> 27 vid\u00e9os didactiques illustrant les exemples musicaux <\/li>\n<li>La dynamique et la communication du couple de danseurs, les r\u00f4les et les fonctions de \u00ab el abrazo \u00bb d\u00e9pendent de l&#8217;\u00e9l\u00e9ment musical &#8211; rythme de base ou m\u00e9lodie &#8211; sur lequel nous dansons.\n <\/li>\n<\/ul>\n<p><strong>Remarque\u00a0: Le titre, le design de la couverture du livre et tout le contenu sont prot\u00e9g\u00e9s par copyright \u00a9.<\/strong><\/p>\n<ul>\n<li>Si vous avez d\u00e9j\u00e0 achet\u00e9 un livre sur ce site et que vous disposez d\u00e9j\u00e0 d&#8217;un nom d&#8217;utilisateur et d&#8217;un mot de passe, vous devez d&#8217;abord vous connecter avant d&#8217;acheter un deuxi\u00e8me livre.\u2028<\/li>\n<\/ul>","protected":false},"excerpt":{"rendered":"<h4>Les style de tango :  Epoques et Orquestres<\/h4>\n<p><strong>IMPORTANT: veuillez limiter votre achat \u00e0 un produit par adresse e-mail.<\/strong><\/p>\n<p><strong>Si vous avez d\u00e9j\u00e0 achet\u00e9 un livre sur ce site et que vous disposez d\u00e9j\u00e0 d&#8217;un nom d&#8217;utilisateur et d&#8217;un mot de passe, vous devez d&#8217;abord vous connecter avant d&#8217;acheter un deuxi\u00e8me livre.\u2028<\/strong>&hellip; <a class=\"kt-excerpt-readmore\" href=\"https:\/\/joaquinamenabar.com\/it\/product\/tango-dansons-la-musique-volume-ii\/\" aria-label=\"Tango: Dansons La Musique ! \u00a9 Volume II\">Continua a leggere<\/a><\/p>\n","protected":false},"featured_media":10987,"template":"","meta":{"nf_dc_page":""},"product_brand":[],"product_cat":[29],"product_tag":[48],"class_list":{"0":"post-10994","1":"product","2":"type-product","3":"status-publish","4":"has-post-thumbnail","6":"product_cat-francais","7":"product_tag-volume-ii","9":"first","10":"instock","11":"downloadable","12":"virtual","13":"sold-individually","14":"purchasable","15":"product-type-simple"},"_links":{"self":[{"href":"https:\/\/joaquinamenabar.com\/it\/wp-json\/wp\/v2\/product\/10994","targetHints":{"allow":["GET"]}}],"collection":[{"href":"https:\/\/joaquinamenabar.com\/it\/wp-json\/wp\/v2\/product"}],"about":[{"href":"https:\/\/joaquinamenabar.com\/it\/wp-json\/wp\/v2\/types\/product"}],"wp:featuredmedia":[{"embeddable":true,"href":"https:\/\/joaquinamenabar.com\/it\/wp-json\/wp\/v2\/media\/10987"}],"wp:attachment":[{"href":"https:\/\/joaquinamenabar.com\/it\/wp-json\/wp\/v2\/media?parent=10994"}],"wp:term":[{"taxonomy":"product_brand","embeddable":true,"href":"https:\/\/joaquinamenabar.com\/it\/wp-json\/wp\/v2\/product_brand?post=10994"},{"taxonomy":"product_cat","embeddable":true,"href":"https:\/\/joaquinamenabar.com\/it\/wp-json\/wp\/v2\/product_cat?post=10994"},{"taxonomy":"product_tag","embeddable":true,"href":"https:\/\/joaquinamenabar.com\/it\/wp-json\/wp\/v2\/product_tag?post=10994"}],"curies":[{"name":"wp","href":"https:\/\/api.w.org\/{rel}","templated":true}]}}