{"id":10996,"date":"2024-11-01T16:34:04","date_gmt":"2024-11-01T19:34:04","guid":{"rendered":"https:\/\/joaquinamenabar.com\/?post_type=product&#038;p=10996"},"modified":"2025-05-31T07:25:35","modified_gmt":"2025-05-30T19:25:35","slug":"tango-zur-musik-tanzen-volume-ii-2","status":"publish","type":"product","link":"https:\/\/joaquinamenabar.com\/it\/product\/tango-zur-musik-tanzen-volume-ii-2\/","title":{"rendered":"Tango: Zur Musik Tanzen ! \u00a9 Volume II"},"content":{"rendered":"<ul>\n<li>Die Stile der verschiedenen Epochen und Orchester des Tangos und ihre Anwendung auf der Tanzfl\u00e4che.\n<ul>\n<li>200 Seiten mit detaillierten Analysen von etwa 150 Musikbeispielen aller Tango-Orchester, Jahr f\u00fcr Jahr.<\/li>\n<li>27 Lehrvideos, die die musikalischen Beispiele veranschaulichen.<\/li>\n<li>Die Dynamik und Kommunikation des Tanzpaares sowie die Rollen und Funktionen von \u201eel abrazo\u201c, je nach musikalischem Element \u2013 Grundrhythmus oder Melodie \u2013, zu dem wir tanzen.<\/li>\n<\/ul>\n<p><strong>Note: Der Titel, das Cover und der gesamte Inhalt sind urheberrechtlich gesch\u00fctzt.<\/strong><\/li>\n<\/ul>\n<ul>\n<li>Wenn Sie bereits ein Buch auf dieser Website gekauft haben und bereits \u00fcber einen Benutzernamen und ein Passwort verf\u00fcgen, m\u00fcssen Sie sich zuerst anmelden, bevor Sie ein zweites Buch kaufen k\u00f6nnen.<\/li>\n<\/ul>","protected":false},"excerpt":{"rendered":"<h4>Epochen und Orchesterstile<\/h4>\n<p><strong>WICHTIG: Bitte beschr\u00e4nken Sie Ihren Kauf auf ein Produkt pro E-Mail-Adresse.<\/p>\n<p>Wenn Sie bereits ein Buch auf dieser Website gekauft haben und bereits \u00fcber einen Benutzernamen und ein Passwort verf\u00fcgen, m\u00fcssen Sie sich zuerst anmelden, bevor Sie ein zweites Buch kaufen k\u00f6nnen.<\/strong>&hellip; <a class=\"kt-excerpt-readmore\" href=\"https:\/\/joaquinamenabar.com\/it\/product\/tango-zur-musik-tanzen-volume-ii-2\/\" aria-label=\"Tango: Zur Musik Tanzen ! \u00a9 Volume II\">Continua a leggere<\/a><\/p>\n","protected":false},"featured_media":10986,"template":"","meta":{"nf_dc_page":""},"product_brand":[],"product_cat":[26],"product_tag":[48],"class_list":{"0":"post-10996","1":"product","2":"type-product","3":"status-publish","4":"has-post-thumbnail","6":"product_cat-deutsch","7":"product_tag-volume-ii","9":"first","10":"instock","11":"downloadable","12":"virtual","13":"sold-individually","14":"purchasable","15":"product-type-simple"},"_links":{"self":[{"href":"https:\/\/joaquinamenabar.com\/it\/wp-json\/wp\/v2\/product\/10996","targetHints":{"allow":["GET"]}}],"collection":[{"href":"https:\/\/joaquinamenabar.com\/it\/wp-json\/wp\/v2\/product"}],"about":[{"href":"https:\/\/joaquinamenabar.com\/it\/wp-json\/wp\/v2\/types\/product"}],"wp:featuredmedia":[{"embeddable":true,"href":"https:\/\/joaquinamenabar.com\/it\/wp-json\/wp\/v2\/media\/10986"}],"wp:attachment":[{"href":"https:\/\/joaquinamenabar.com\/it\/wp-json\/wp\/v2\/media?parent=10996"}],"wp:term":[{"taxonomy":"product_brand","embeddable":true,"href":"https:\/\/joaquinamenabar.com\/it\/wp-json\/wp\/v2\/product_brand?post=10996"},{"taxonomy":"product_cat","embeddable":true,"href":"https:\/\/joaquinamenabar.com\/it\/wp-json\/wp\/v2\/product_cat?post=10996"},{"taxonomy":"product_tag","embeddable":true,"href":"https:\/\/joaquinamenabar.com\/it\/wp-json\/wp\/v2\/product_tag?post=10996"}],"curies":[{"name":"wp","href":"https:\/\/api.w.org\/{rel}","templated":true}]}}