{"id":2084,"date":"2019-09-06T20:18:23","date_gmt":"2019-09-06T23:18:23","guid":{"rendered":"https:\/\/joaquinamenabar.com\/?post_type=product&#038;p=2084"},"modified":"2024-09-23T00:08:06","modified_gmt":"2024-09-23T03:08:06","slug":"bailemos-con-la-musica-ebook","status":"publish","type":"product","link":"https:\/\/joaquinamenabar.com\/it\/product\/bailemos-con-la-musica-ebook\/","title":{"rendered":"Tango: Bailemos con la m\u00fasica ! \u00a9 eBook"},"content":{"rendered":"<ul>\n<li>Un libro electr\u00f3ncio de 136 p\u00e1ginasA con todos los diferentes tipos de ritmo de la m\u00fasica del tango.<\/li>\n<ul>\n<li>133 pistas de Audio tracks para realizar los ejercicios.<\/li>\n<li>43 Videos que lo guiar\u00e1n en la realizaci\u00f3n de los ejercicios<\/li>\n<li>46 Tangos, Milongas and Waltzes completos de donde se tomaron los ejemplos musicales de los ejercicios.<\/li>\n<\/ul>\n<\/ul>\n<h3>Demo: Gratis ! pruebe el libro !<\/h3>\n\n<div class=\"panel-group\" id=\"accordionname92\"><div class=\"panel panel-default panel-even\"><div class=\"panel-heading\"><a class=\"accordion-toggle collapsed\" data-toggle=\"collapse\" data-parent=\"#accordionname92\" href=\"#collapse920\"><h5><i class=\"icon-minus primary-color\"><\/i><i class=\"icon-plus\"><\/i>INSTRUCCIONES<\/h5><\/a><\/div><div id=\"collapse920\" class=\"panel-collapse collapse \"><div class=\"panel-body postclass\"> <\/p>\n<p>Tango \u00a1Bailemos con la m\u00fasica!<\/p>\n<p>C\u00f3mo trabajar con el libro :<\/p>\n<p>El cap\u00edtulo de ejemplo  es el cap\u00edtulo 12: Contratiempo u \u201cOff-beat\u201d. Es un cap\u00edtulo AVANZADO.<br \/>\nSi no puedes hacer los ejercicios no te preocupes, el sentido es que veas c\u00f3mo funciona el libro con los audios y los videos.  Habr\u00e1 otros cap\u00edtulos m\u00e1s simples a lo largo del libro que se correspondan con tu nivel.  <\/p>\n<p>Primero l\u00e9e el .pdf con el texto del cap\u00edtulo. Cuando el texto lo indique, escucha el  archivo MP3 de audio . Esc\u00fachalos atentamente al menos 3 o 4 veces antes de continuar.  Luego realiza el ejercicio con el audio como lo sugiere el texto del libro. <\/p>\n<p>Para comprobar si has hecho bien el ejercicio, mira el video pero, no mires el video antes de que el texto te pida que lo hagas, solo m\u00edralo cuando el texto lo indique.<\/p>\n<p>Disfr\u00fatalo !! Joaqu\u00edn<\/p>\n<\/div><\/div><\/div>\n<div class=\"panel panel-default panel-odd\"><div class=\"panel-heading\"><a class=\"accordion-toggle collapsed\" data-toggle=\"collapse\" data-parent=\"#accordionname92\" href=\"#collapse921\"><h5><i class=\"icon-minus primary-color\"><\/i><i class=\"icon-plus\"><\/i>CAPITULO 12<\/h5><\/a><\/div><div id=\"collapse921\" class=\"panel-collapse collapse \"><div class=\"panel-body postclass\"> <\/p>\n<h4><a href=\"https:\/\/joaquinamenabar.com\/wp-content\/uploads\/Text_Demo_Chapter_12_ES-1.pdf\">Demo Cap\u00edtulo 12<\/a><br \/>\n<\/h4>\n<\/div><\/div><\/div><\/div>\n\n<p><strong>Nota: El t\u00edtulo, el dibujo de tapa , as\u00ed como todos los contenidos est\u00e1n protegidos por los derechos de autor &#8211; copyright \u00a9<\/strong><\/p>\n","protected":false},"excerpt":{"rendered":"<p>La musica de tango para bailarines sin formaci\u00f3n musical.<br \/>\neBook versi\u00f3n espa\u00f1ola<\/p>\n<p><strong> IMPORTANTE: Por favor, compre un solo producto por direcci\u00f3n de correo electr\u00f3nico.<\/strong>&hellip; <a class=\"kt-excerpt-readmore\" href=\"https:\/\/joaquinamenabar.com\/it\/product\/bailemos-con-la-musica-ebook\/\" aria-label=\"Tango: Bailemos con la m\u00fasica ! \u00a9 eBook\">Continua a leggere<\/a><\/p>\n","protected":false},"featured_media":4994,"template":"","meta":{"nf_dc_page":""},"product_brand":[],"product_cat":[25],"product_tag":[47],"class_list":{"0":"post-2084","1":"product","2":"type-product","3":"status-publish","4":"has-post-thumbnail","6":"product_cat-espanol","7":"product_tag-volume-i","9":"first","10":"instock","11":"downloadable","12":"virtual","13":"sold-individually","14":"purchasable","15":"product-type-simple"},"_links":{"self":[{"href":"https:\/\/joaquinamenabar.com\/it\/wp-json\/wp\/v2\/product\/2084","targetHints":{"allow":["GET"]}}],"collection":[{"href":"https:\/\/joaquinamenabar.com\/it\/wp-json\/wp\/v2\/product"}],"about":[{"href":"https:\/\/joaquinamenabar.com\/it\/wp-json\/wp\/v2\/types\/product"}],"wp:featuredmedia":[{"embeddable":true,"href":"https:\/\/joaquinamenabar.com\/it\/wp-json\/wp\/v2\/media\/4994"}],"wp:attachment":[{"href":"https:\/\/joaquinamenabar.com\/it\/wp-json\/wp\/v2\/media?parent=2084"}],"wp:term":[{"taxonomy":"product_brand","embeddable":true,"href":"https:\/\/joaquinamenabar.com\/it\/wp-json\/wp\/v2\/product_brand?post=2084"},{"taxonomy":"product_cat","embeddable":true,"href":"https:\/\/joaquinamenabar.com\/it\/wp-json\/wp\/v2\/product_cat?post=2084"},{"taxonomy":"product_tag","embeddable":true,"href":"https:\/\/joaquinamenabar.com\/it\/wp-json\/wp\/v2\/product_tag?post=2084"}],"curies":[{"name":"wp","href":"https:\/\/api.w.org\/{rel}","templated":true}]}}