{"id":3801,"date":"2020-08-23T16:45:09","date_gmt":"2020-08-23T19:45:09","guid":{"rendered":"https:\/\/joaquinamenabar.com\/?post_type=product&#038;p=3801"},"modified":"2024-09-16T21:14:13","modified_gmt":"2024-09-17T00:14:13","slug":"tango-dansons-la-musique","status":"publish","type":"product","link":"https:\/\/joaquinamenabar.com\/it\/product\/tango-dansons-la-musique\/","title":{"rendered":"Tango: Dansons la musique !\u00a9 eBook"},"content":{"rendered":"<ul>\n<li>Un livre de 136 pages avec tous les diff\u00e9rents types du rythme de la musique de tango.<\/li>\n<li>Un DVD avec:\n<ul>\n<li>133 Pistes d&#8217;audio pour faire les exercises.<\/li>\n<li>43 Videos pour vous guider \u00e0 travers les exercises<\/li>\n<li>46 Tangos, Milongas et Valses d&#8217;ou les examples ont \u00e9t\u00e9 pris.<\/li>\n<\/ul>\n<\/li>\n<\/ul>\n<h3>Demo: Essaier le livre gratuitement!!<\/h3>\n<h4>Read the instructions FIRST!!<\/h4>\n\n<div class=\"panel-group\" id=\"accordionname12\"><div class=\"panel panel-default panel-even\"><div class=\"panel-heading\"><a class=\"accordion-toggle collapsed\" data-toggle=\"collapse\" data-parent=\"#accordionname12\" href=\"#collapse120\"><h5><i class=\"icon-minus primary-color\"><\/i><i class=\"icon-plus\"><\/i>INSTRUCTIONS<\/h5><\/a><\/div><div id=\"collapse120\" class=\"panel-collapse collapse \"><div class=\"panel-body postclass\">\n<p>Tango: Dansons la musique!<\/p>\n<p>Comment travailler avec le livre:<\/p>\n<p>Le chapitre exemple est le chapitre 12: \u00abContretemps ou \u201cOff-beat\u201d. C&#8217;est un chapitre AVANC\u00c9.<br \/>\nSi vous ne pouvez pas faire les exercices, ne vous inqui\u00e9tez pas, l&#8217;objectif est simplement de voir comment le livre fonctionne avec les audios et les vid\u00e9os. Il y aura d&#8217;autres chapitres plus simples tout au long du livre qui correspondent \u00e0 votre niveau.<\/p>\n<p>Lisez d&#8217;abord le texte du chapitre. Quand le text l\u2019indique, \u00e9coutez-vous le fichier audio MP3. \u00c9coutez-les attentivement au moins 3-4 fois avant de continuer. Puis faites l&#8217;exercice avec l&#8217;audio comme sugg\u00e9r\u00e9 par le texte du livre.<\/p>\n<p>Pour v\u00e9rifier si vous avez bien fait l&#8217;exercice, regardez la vid\u00e9o lorsque le texte l&#8217;indique.<\/p>\n<p>Profitez-en !! Joaquin<\/p>\n<\/div><\/div><\/div>\n<div class=\"panel panel-default panel-odd\"><div class=\"panel-heading\"><a class=\"accordion-toggle collapsed\" data-toggle=\"collapse\" data-parent=\"#accordionname12\" href=\"#collapse121\"><h5><i class=\"icon-minus primary-color\"><\/i><i class=\"icon-plus\"><\/i>CHAPITRE 12<\/h5><\/a><\/div><div id=\"collapse121\" class=\"panel-collapse collapse \"><div class=\"panel-body postclass\">\n<h4><a href=\"https:\/\/joaquinamenabar.com\/wp-content\/uploads\/Text_Demo_Chapter_12_FR-2.pdf\">Demo chapitre 12<\/a><\/h4>\n<\/div><\/div><\/div><\/div>\n\n<strong>Note: Le titre, le dessin sur la coverture ainsi que tout le contenu du livre et du DVD sont droits d&#8217;auteur &#8211; copyright<\/strong><\/p>\n","protected":false},"excerpt":{"rendered":"<p>Tango: Dansons la musique\u00a9 \u00c9dition fran\u00e7aise<br \/>\nLa musique du Tango pour danseurs sans formation musicale.<\/p>\n<p><strong>IMPORTANT: veuillez limiter votre achat \u00e0 un produit par adresse e-mail.<\/strong>&hellip; <a class=\"kt-excerpt-readmore\" href=\"https:\/\/joaquinamenabar.com\/it\/product\/tango-dansons-la-musique\/\" aria-label=\"Tango: Dansons la musique !\u00a9 eBook\">Continua a leggere<\/a><\/p>\n","protected":false},"featured_media":5015,"template":"","meta":{"nf_dc_page":""},"product_brand":[],"product_cat":[29],"product_tag":[47],"class_list":{"0":"post-3801","1":"product","2":"type-product","3":"status-publish","4":"has-post-thumbnail","6":"product_cat-francais","7":"product_tag-volume-i","9":"first","10":"instock","11":"downloadable","12":"virtual","13":"sold-individually","14":"purchasable","15":"product-type-simple"},"_links":{"self":[{"href":"https:\/\/joaquinamenabar.com\/it\/wp-json\/wp\/v2\/product\/3801","targetHints":{"allow":["GET"]}}],"collection":[{"href":"https:\/\/joaquinamenabar.com\/it\/wp-json\/wp\/v2\/product"}],"about":[{"href":"https:\/\/joaquinamenabar.com\/it\/wp-json\/wp\/v2\/types\/product"}],"wp:featuredmedia":[{"embeddable":true,"href":"https:\/\/joaquinamenabar.com\/it\/wp-json\/wp\/v2\/media\/5015"}],"wp:attachment":[{"href":"https:\/\/joaquinamenabar.com\/it\/wp-json\/wp\/v2\/media?parent=3801"}],"wp:term":[{"taxonomy":"product_brand","embeddable":true,"href":"https:\/\/joaquinamenabar.com\/it\/wp-json\/wp\/v2\/product_brand?post=3801"},{"taxonomy":"product_cat","embeddable":true,"href":"https:\/\/joaquinamenabar.com\/it\/wp-json\/wp\/v2\/product_cat?post=3801"},{"taxonomy":"product_tag","embeddable":true,"href":"https:\/\/joaquinamenabar.com\/it\/wp-json\/wp\/v2\/product_tag?post=3801"}],"curies":[{"name":"wp","href":"https:\/\/api.w.org\/{rel}","templated":true}]}}