{"id":1625,"date":"2019-09-12T22:07:07","date_gmt":"2019-09-13T01:07:07","guid":{"rendered":"https:\/\/joaquinamenabar.com\/?post_type=product&#038;p=1625"},"modified":"2026-03-09T10:49:35","modified_gmt":"2026-03-08T21:49:35","slug":"tango-zur-musik-tanzen","status":"publish","type":"product","link":"https:\/\/joaquinamenabar.com\/kr\/product\/tango-zur-musik-tanzen\/","title":{"rendered":"Tango: Zur Musik tanzen ! \u00a9Papier Buch + eBook"},"content":{"rendered":"<ul>\n<li>Ein 140-seitiges Buch mit all den verschiedenen Rhythmen der Tangomusik.<\/li>\n<li>Ein DVD mit:<\/li>\n<ul>\n<li>133 Audiospuren zum uben .<\/li>\n<li>43 Videos, die Sie bei der Durchf\u00fchrung der \u00dcbungen unterst\u00fctzen<\/li>\n<li>46 Tangos, Milongas und Walzer zum Herunterladen, aus dem die in den \u00dcbungen verwendeten Musikteile genommen sind.<\/li>\n<\/ul>\n<\/ul>\n<h3>Demo: Jetzt kostenlos das Buch ausprobieren !!<\/h3>\n<h4>Die folgenden Links herunterladen. Sie haben ein vollst\u00e4ndiges Kapitel, um zu sehen, wie es funktioniert!!<\/h4>\n<h4>ERST Einleitung lessen!!<\/h4>\n\n<div class=\"panel-group\" id=\"accordionname11\"><div class=\"panel panel-default panel-even\"><div class=\"panel-heading\"><a class=\"accordion-toggle collapsed\" data-toggle=\"collapse\" data-parent=\"#accordionname11\" href=\"#collapse110\"><h5><i class=\"icon-minus primary-color\"><\/i><i class=\"icon-plus\"><\/i>ANWEISUNGEN<\/h5><\/a><\/div><div id=\"collapse110\" class=\"panel-collapse collapse \"><div class=\"panel-body postclass\"> <\/p>\n<p>Tango; Zur Musik tanzen ! <\/p>\n<p>Wie man mit dem Buch arbeitet:<\/p>\n<p>Das Beispielkapitel ist Kapitel 12: \u201eOff-Beat\u201c. Es ist ein ERWEITERTES Kapitel.<br \/>\nWenn Sie die \u00dcbungen nicht machen k\u00f6nnen, machen Sie sich keine Sorgen, der Umfang ist nur, dass Sie sehen, wie das Buch mit den Audios und Videos funktioniert. Es wird weitere einfachere Kapitel im Buch geben, die Ihrem Niveau entsprechen.<\/p>\n<p>Lesen Sie zuerst den Text des Kapitels. H\u00f6ren Sie sich die MP3-Audiodateien an, wenn der Text dies anzeigt. H\u00f6ren Sie sie sich mindestens 3-4 Mal genau an, bevor Sie fortfahren. Machen Sie dann die \u00dcbung mit dem Audio, wie im Text des Buches vorgeschlagen.<\/p>\n<p>Nach der \u00dcbung werden Sie im Text aufgefordert, das Video anzusehen, um zu \u00fcberpr\u00fcfen, ob Sie die \u00dcbung korrekt ausgef\u00fchrt haben.<br \/>\nGeniesse es !! Joaquin<\/p>\n<\/div><\/div><\/div>\n<div class=\"panel panel-default panel-odd\"><div class=\"panel-heading\"><a class=\"accordion-toggle collapsed\" data-toggle=\"collapse\" data-parent=\"#accordionname11\" href=\"#collapse111\"><h5><i class=\"icon-minus primary-color\"><\/i><i class=\"icon-plus\"><\/i>KAPITEL 12<\/h5><\/a><\/div><div id=\"collapse111\" class=\"panel-collapse collapse \"><div class=\"panel-body postclass\">\n<h4><a href=\"https:\/\/joaquinamenabar.com\/wp-content\/uploads\/Text_Demo_Chapter_12_DE-2.pdf\">Demo Kapitel 12-2<\/a><\/h4>\n<\/div><\/div><\/div><\/div>\n\n<strong>Hinweis: Der Titel , die Zeichnung des Buchumschlag und den ganzen Inhalt sind Urhheberrechte &#8211; copyright \u00a9<\/strong>","protected":false},"excerpt":{"rendered":"<p>Tagnomusik f\u00fcr T\u00e4nzer ohne musikalische Ausbildung &#8211; deutsche Version<br \/>\nMit dem gedruckten Buch erhalten Sie auch eine e-Book-Kopie dazu. <\/p>\n<p><strong>WICHTIG: Bitte beschr\u00e4nken Sie Ihren Kauf auf ein Produkt pro E-Mail-Adresse.<\/strong>&hellip; <a class=\"kt-excerpt-readmore\" href=\"https:\/\/joaquinamenabar.com\/kr\/product\/tango-zur-musik-tanzen\/\" aria-label=\"Tango: Zur Musik tanzen ! \u00a9Papier Buch + eBook\">Read More<\/a><\/p>\n","protected":false},"featured_media":5009,"template":"","meta":{"nf_dc_page":""},"product_brand":[],"product_cat":[26],"product_tag":[47],"class_list":{"0":"post-1625","1":"product","2":"type-product","3":"status-publish","4":"has-post-thumbnail","6":"product_cat-deutsch","7":"product_tag-volume-i","9":"first","10":"instock","11":"downloadable","12":"virtual","13":"sold-individually","14":"purchasable","15":"product-type-simple"},"_links":{"self":[{"href":"https:\/\/joaquinamenabar.com\/kr\/wp-json\/wp\/v2\/product\/1625","targetHints":{"allow":["GET"]}}],"collection":[{"href":"https:\/\/joaquinamenabar.com\/kr\/wp-json\/wp\/v2\/product"}],"about":[{"href":"https:\/\/joaquinamenabar.com\/kr\/wp-json\/wp\/v2\/types\/product"}],"wp:featuredmedia":[{"embeddable":true,"href":"https:\/\/joaquinamenabar.com\/kr\/wp-json\/wp\/v2\/media\/5009"}],"wp:attachment":[{"href":"https:\/\/joaquinamenabar.com\/kr\/wp-json\/wp\/v2\/media?parent=1625"}],"wp:term":[{"taxonomy":"product_brand","embeddable":true,"href":"https:\/\/joaquinamenabar.com\/kr\/wp-json\/wp\/v2\/product_brand?post=1625"},{"taxonomy":"product_cat","embeddable":true,"href":"https:\/\/joaquinamenabar.com\/kr\/wp-json\/wp\/v2\/product_cat?post=1625"},{"taxonomy":"product_tag","embeddable":true,"href":"https:\/\/joaquinamenabar.com\/kr\/wp-json\/wp\/v2\/product_tag?post=1625"}],"curies":[{"name":"wp","href":"https:\/\/api.w.org\/{rel}","templated":true}]}}