{"id":1614,"date":"2019-09-12T21:40:03","date_gmt":"2019-09-12T21:40:03","guid":{"rendered":"https:\/\/joaquinamenabar.com\/checkout\/"},"modified":"2025-12-14T05:42:01","modified_gmt":"2025-12-13T16:42:01","slug":"checkout-2","status":"publish","type":"page","link":"https:\/\/joaquinamenabar.com\/tr\/shop-books-ebooks\/shop\/checkout-2\/","title":{"rendered":"Checkout"},"content":{"rendered":"<p><strong><span style=\"color: #ff0000;\">\u00d6NEML\u0130<\/span> <\/strong><\/p>\r\n<p><strong>Sipari\u015finizi tamamlamak ve e-kitab\u0131 indirmek i\u00e7in gerekli ad\u0131mlar \u015funlard\u0131r:<\/strong><\/p>\r\n<ol>\r\n<li><strong>\u00a0\u00d6deme sayfas\u0131nda t\u00fcm al\u0131c\u0131 ve sat\u0131n alma bilgilerini doldurun<\/strong><\/li>\r\n<li><strong>\u00a0Sepeti G\u00f6r\u00fcnt\u00fcle d\u00fc\u011fmesine t\u0131klay\u0131n<\/strong><\/li>\r\n<li><strong>\u00a0Sat\u0131n alma i\u015flemini tamamlay\u0131n<\/strong><\/li>\r\n<li><strong>\u00a0<span style=\"color: #ff0000;\">Kitab\u0131 indirmek i\u00e7in siyah harflerle \u201cE-K\u0130TABI \u0130ND\u0130RMEK \u0130\u00c7\u0130N BURAYA TIKLAYIN\u201d yazan beyaz kutuya t\u0131klay\u0131n<\/span><\/strong><br \/>\u00a0<\/li>\r\n<\/ol>\r\n<div class=\"woocommerce\"><\/div>\n\r\n<p><strong>IMPORTANT : Please limit your purchase to one product per email address.<\/strong><\/p>","protected":false},"excerpt":{"rendered":"<p>\u00d6NEML\u0130 Sipari\u015finizi tamamlamak ve e-kitab\u0131 indirmek i\u00e7in gerekli ad\u0131mlar \u015funlard\u0131r: \u00a0\u00d6deme sayfas\u0131nda t\u00fcm al\u0131c\u0131 ve sat\u0131n alma bilgilerini doldurun \u00a0Sepeti G\u00f6r\u00fcnt\u00fcle d\u00fc\u011fmesine t\u0131klay\u0131n \u00a0Sat\u0131n alma i\u015flemini tamamlay\u0131n \u00a0Kitab\u0131 indirmek i\u00e7in siyah harflerle \u201cE-K\u0130TABI \u0130ND\u0130RMEK \u0130\u00c7\u0130N BURAYA TIKLAYIN\u201d yazan beyaz kutuya &hellip; <a class=\"kt-excerpt-readmore\" href=\"https:\/\/joaquinamenabar.com\/tr\/shop-books-ebooks\/shop\/checkout-2\/\" aria-label=\"Checkout\">Daha Fazlas\u0131n\u0131 Oku<\/a><\/p>\n","protected":false},"author":1,"featured_media":0,"parent":1612,"menu_order":2,"comment_status":"closed","ping_status":"closed","template":"","meta":{"nf_dc_page":"","footnotes":""},"class_list":["post-1614","page","type-page","status-publish","hentry"],"_links":{"self":[{"href":"https:\/\/joaquinamenabar.com\/tr\/wp-json\/wp\/v2\/pages\/1614","targetHints":{"allow":["GET"]}}],"collection":[{"href":"https:\/\/joaquinamenabar.com\/tr\/wp-json\/wp\/v2\/pages"}],"about":[{"href":"https:\/\/joaquinamenabar.com\/tr\/wp-json\/wp\/v2\/types\/page"}],"author":[{"embeddable":true,"href":"https:\/\/joaquinamenabar.com\/tr\/wp-json\/wp\/v2\/users\/1"}],"replies":[{"embeddable":true,"href":"https:\/\/joaquinamenabar.com\/tr\/wp-json\/wp\/v2\/comments?post=1614"}],"version-history":[{"count":6,"href":"https:\/\/joaquinamenabar.com\/tr\/wp-json\/wp\/v2\/pages\/1614\/revisions"}],"predecessor-version":[{"id":17231,"href":"https:\/\/joaquinamenabar.com\/tr\/wp-json\/wp\/v2\/pages\/1614\/revisions\/17231"}],"up":[{"embeddable":true,"href":"https:\/\/joaquinamenabar.com\/tr\/wp-json\/wp\/v2\/pages\/1612"}],"wp:attachment":[{"href":"https:\/\/joaquinamenabar.com\/tr\/wp-json\/wp\/v2\/media?parent=1614"}],"curies":[{"name":"wp","href":"https:\/\/api.w.org\/{rel}","templated":true}]}}