{"id":12695,"date":"2025-01-19T11:11:06","date_gmt":"2025-01-18T22:11:06","guid":{"rendered":"https:\/\/joaquinamenabar.com\/?post_type=product&#038;p=12695"},"modified":"2025-02-13T09:33:09","modified_gmt":"2025-02-12T20:33:09","slug":"tango-muzik-esliginde-dans-edelim-ebook-volume-1","status":"publish","type":"product","link":"https:\/\/joaquinamenabar.com\/tr\/product\/tango-muzik-esliginde-dans-edelim-ebook-volume-1\/","title":{"rendered":"TANGO: M\u00fczik e\u015fli\u011finde dans edelim!! \u00a9 eBook Volume 1"},"content":{"rendered":"<ul>\n<li>Tango ritminin t\u00fcm farkl\u0131 t\u00fcrlerini i\u00e7eren 136 sayfal\u0131k bir e-Kitap.\n<ul>\n<li>Egzersiz yapmak i\u00e7in 133 Ses par\u00e7as\u0131<\/li>\n<li>Egzersizleri yaparken size rehberlik edecek 43 Video<\/li>\n<\/ul>\n<\/li>\n<\/ul>\n<h3>Demo: Nas\u0131l \u00e7al\u0131\u015ft\u0131\u011f\u0131n\u0131 g\u00f6rmek i\u00e7in kitab\u0131n bir b\u00f6l\u00fcm\u00fcn\u00fc \u015fimdi \u00fccretsiz deneyin!!!<\/h3>\n<h4>\u00d6NCE talimatlar\u0131 okuyun!!!<\/h4>\n\n<div class=\"panel-group\" id=\"accordionname97\"><div class=\"panel panel-default panel-even\"><div class=\"panel-heading\"><a class=\"accordion-toggle collapsed\" data-toggle=\"collapse\" data-parent=\"#accordionname97\" href=\"#collapse970\"><h5><i class=\"icon-minus primary-color\"><\/i><i class=\"icon-plus\"><\/i>TAL\u0130MATLAR<\/h5><\/a><\/div><div id=\"collapse970\" class=\"panel-collapse collapse \"><div class=\"panel-body postclass\">\n<p>Tango: M\u00fczik e\u015fli\u011finde dans edelim!<\/p>\n<p>Kitapla nas\u0131l \u00e7al\u0131\u015f\u0131l\u0131r?<\/p>\n<p>\u00d6rnek b\u00f6l\u00fcm B\u00f6l\u00fcm 12: \u201cOff-beat\u201d. Bu bir GEL\u0130\u015eM\u0130\u015e b\u00f6l\u00fcmd\u00fcr.<\/p>\n<p>Al\u0131\u015ft\u0131rmalar\u0131 yapam\u0131yorsan\u0131z endi\u015felenmeyin, kapsam\u0131 sadece kitab\u0131n sesler ve videolarla nas\u0131l \u00e7al\u0131\u015ft\u0131\u011f\u0131n\u0131 g\u00f6rmenizdir. Kitap boyunca seviyenize uygun daha basit ba\u015fka b\u00f6l\u00fcmler de olacakt\u0131r.<\/p>\n<p>\u00d6nce b\u00f6l\u00fcm\u00fcn metnini okuyun. Metin i\u015faret etti\u011finde MP3 ses dosyas\u0131n\u0131 dinleyin. Devam etmeden \u00f6nce en az 3-4 kez dikkatlice dinleyin. Daha sonra kitap metninde \u00f6nerildi\u011fi gibi al\u0131\u015ft\u0131rmay\u0131 sesle yap\u0131n.<\/p>\n<p>Al\u0131\u015ft\u0131rmay\u0131 iyi yap\u0131p yapmad\u0131\u011f\u0131n\u0131z\u0131 kontrol etmek i\u00e7in, metin belirtti\u011finde videoyu izleyin.<\/p>\n<p>Keyfini \u00e7\u0131kar\u0131n!<\/p>\n<\/div><\/div><\/div>\n<div class=\"panel panel-default panel-odd\"><div class=\"panel-heading\"><a class=\"accordion-toggle collapsed\" data-toggle=\"collapse\" data-parent=\"#accordionname97\" href=\"#collapse971\"><h5><i class=\"icon-minus primary-color\"><\/i><i class=\"icon-plus\"><\/i>B\u00d6L\u00dcM 12<\/h5><\/a><\/div><div id=\"collapse971\" class=\"panel-collapse collapse \"><div class=\"panel-body postclass\">\n<h4><a href=\"https:\/\/joaquinamenabar.com\/wp-content\/uploads\/CAPITULO12-Free-Trial-1.pdf\"><br \/>\nChapter 12 Demo<\/a><\/h4>\n<\/div><\/div><\/div><\/div>\n\n<strong>Not: Kitab\u0131n ba\u015fl\u0131\u011f\u0131, kapak tasar\u0131m\u0131 ve t\u00fcm i\u00e7eri\u011finin telif hakk\u0131 \u00a9<br \/>\n<\/strong><\/p>\n","protected":false},"excerpt":{"rendered":"<h4>M\u00fczik e\u011fitimi olmayan dans\u00e7\u0131lar i\u00e7in tango m\u00fczi\u011fi<\/h4>\n<p><strong> \u00d6NEML\u0130: Daha \u00f6nce bir kitap sat\u0131n ald\u0131ysan\u0131z ve daha fazlas\u0131n\u0131 sat\u0131n almak istiyorsan\u0131z, sat\u0131n alma i\u015flemini tamamlamak i\u00e7in joaquinamenabar.com&#8217;da oturum a\u00e7man\u0131z gerekir. <\/strong>&hellip; <a class=\"kt-excerpt-readmore\" href=\"https:\/\/joaquinamenabar.com\/tr\/product\/tango-muzik-esliginde-dans-edelim-ebook-volume-1\/\" aria-label=\"TANGO: M\u00fczik e\u015fli\u011finde dans edelim!! \u00a9 eBook Volume 1\">Daha Fazlas\u0131n\u0131 Oku<\/a><\/p>\n","protected":false},"featured_media":12824,"template":"","meta":{"nf_dc_page":""},"product_brand":[],"product_cat":[49],"product_tag":[47],"class_list":{"0":"post-12695","1":"product","2":"type-product","3":"status-publish","4":"has-post-thumbnail","6":"product_cat-turkish","7":"product_tag-volume-i","9":"first","10":"instock","11":"downloadable","12":"virtual","13":"sold-individually","14":"purchasable","15":"product-type-simple"},"_links":{"self":[{"href":"https:\/\/joaquinamenabar.com\/tr\/wp-json\/wp\/v2\/product\/12695","targetHints":{"allow":["GET"]}}],"collection":[{"href":"https:\/\/joaquinamenabar.com\/tr\/wp-json\/wp\/v2\/product"}],"about":[{"href":"https:\/\/joaquinamenabar.com\/tr\/wp-json\/wp\/v2\/types\/product"}],"wp:featuredmedia":[{"embeddable":true,"href":"https:\/\/joaquinamenabar.com\/tr\/wp-json\/wp\/v2\/media\/12824"}],"wp:attachment":[{"href":"https:\/\/joaquinamenabar.com\/tr\/wp-json\/wp\/v2\/media?parent=12695"}],"wp:term":[{"taxonomy":"product_brand","embeddable":true,"href":"https:\/\/joaquinamenabar.com\/tr\/wp-json\/wp\/v2\/product_brand?post=12695"},{"taxonomy":"product_cat","embeddable":true,"href":"https:\/\/joaquinamenabar.com\/tr\/wp-json\/wp\/v2\/product_cat?post=12695"},{"taxonomy":"product_tag","embeddable":true,"href":"https:\/\/joaquinamenabar.com\/tr\/wp-json\/wp\/v2\/product_tag?post=12695"}],"curies":[{"name":"wp","href":"https:\/\/api.w.org\/{rel}","templated":true}]}}